{"id":780,"date":"2022-01-12T23:38:21","date_gmt":"2022-01-12T22:38:21","guid":{"rendered":"https:\/\/grannycall.de\/dataskydd\/"},"modified":"2022-04-10T23:47:01","modified_gmt":"2022-04-10T21:47:01","slug":"dataskydd","status":"publish","type":"page","link":"https:\/\/grannycall.de\/sv\/dataskydd\/","title":{"rendered":"Dataskydd"},"content":{"rendered":"\t\t<div data-elementor-type=\"wp-page\" data-elementor-id=\"780\" class=\"elementor elementor-780 elementor-3\">\n\t\t\t\t\t\t<section class=\"elementor-section elementor-top-section elementor-element elementor-element-617d7a9f elementor-section-boxed elementor-section-height-default elementor-section-height-default\" data-id=\"617d7a9f\" data-element_type=\"section\">\n\t\t\t\t\t\t<div class=\"elementor-container elementor-column-gap-default\">\n\t\t\t\t\t<div class=\"elementor-column elementor-col-100 elementor-top-column elementor-element elementor-element-50e53fc0\" data-id=\"50e53fc0\" data-element_type=\"column\">\n\t\t\t<div class=\"elementor-widget-wrap elementor-element-populated\">\n\t\t\t\t\t\t<div class=\"elementor-element elementor-element-28011b10 elementor-widget elementor-widget-text-editor\" data-id=\"28011b10\" data-element_type=\"widget\" data-widget_type=\"text-editor.default\">\n\t\t\t\t<div class=\"elementor-widget-container\">\n\t\t\t\t\t\t\t<p>Personuppgifter (nedan kallade &#8221;uppgifter&#8221;) behandlas av oss endast i n\u00f6dv\u00e4ndig omfattning och i syfte att tillhandah\u00e5lla en funktionell och anv\u00e4ndarv\u00e4nlig webbplats, inklusive dess inneh\u00e5ll och de tj\u00e4nster som erbjuds d\u00e4r.<\/p>\r\n<p>\r\nI enlighet med artikel 4.1. i f\u00f6rordning (EU) 2016\/679, dvs. den allm\u00e4nna dataskyddsf\u00f6rordningen (nedan kallad GDPR), avses med behandling varje \u00e5tg\u00e4rd eller upps\u00e4ttning \u00e5tg\u00e4rder som utf\u00f6rs med personuppgifter, oavsett om det sker p\u00e5 automatisk v\u00e4g eller inte, s\u00e5som insamling, registrering, organisering, arkivering, lagring, anpassning eller \u00e4ndring, h\u00e4mtning, konsultation, anv\u00e4ndning, utl\u00e4mnande genom \u00f6verf\u00f6ring, spridning eller annat tillhandah\u00e5llande p\u00e5 annat s\u00e4tt, justering eller kombination, begr\u00e4nsning, radering eller f\u00f6rst\u00f6ring.\r\n<\/p>\r\n<p>\r\nMed f\u00f6ljande dataskyddsf\u00f6rklaring informerar vi dig s\u00e4rskilt om typ, omfattning, syfte, varaktighet och r\u00e4ttslig grund f\u00f6r behandlingen av personuppgifter, i den m\u00e5n vi ensamma eller tillsammans med andra beslutar om \u00e4ndam\u00e5len och medlen f\u00f6r behandlingen. Dessutom informerar vi dig nedan om de komponenter fr\u00e5n tredje part som vi anv\u00e4nder f\u00f6r optimering och f\u00f6r att \u00f6ka kvaliteten p\u00e5 anv\u00e4ndningen, i den m\u00e5n tredje part behandlar uppgifter p\u00e5 eget ansvar.\r\n<\/p>\r\n<p>V\u00e5r sekretesspolicy \u00e4r uppbyggd enligt f\u00f6ljande:<\/p>\r\n<p>I. Information om oss som ansvarig part<br>\r\nII. anv\u00e4ndarnas och de registrerades r\u00e4ttigheter<br>\r\nIII. Information om databehandling<\/p>\r\n<h3>I. Information om oss som ansvarig part<\/h3>\r\n<p>Den ansvariga leverant\u00f6ren av denna webbplats enligt dataskyddslagstiftningen \u00e4r:<\/p>Grannycall UG (haftungsbeschr\u00e4nkt)<br>\r\nKrusekoppel 1<br>\r\n24306 Pl\u00f6n<br>\r\nDeutschland\r\n<br>\r\nMail:&nbsp;<a href=\"mailto:info@grannycall.de\">info@grannycall.de<\/a><br><div>\r\nTel.: +49 4522 784796-0<\/div><div><br><\/div><h3>II. anv\u00e4ndarnas och de registrerades r\u00e4ttigheter<\/h3>\r\n<p>N\u00e4r det g\u00e4ller den databehandling som beskrivs mer i detalj nedan har anv\u00e4ndare och registrerade r\u00e4tt att<\/p>\r\n<ul>\r\n<li>r\u00e4tt till bekr\u00e4ftelse p\u00e5 att uppgifter om dem behandlas, till information om vilka uppgifter som behandlas, till ytterligare information om behandlingen av uppgifterna och till kopior av uppgifterna (se \u00e4ven artikel 15 i GDPR);<\/li>\r\n<li>att korrigera eller komplettera felaktiga eller ofullst\u00e4ndiga uppgifter (se \u00e4ven artikel 16 i GDPR);<\/li>\r\n<li>till omedelbar radering av de uppgifter som r\u00f6r dem (se \u00e4ven artikel 17 i GDPR), eller alternativt, i den m\u00e5n ytterligare behandling \u00e4r n\u00f6dv\u00e4ndig i enlighet med artikel 17.3 i GDPR, till begr\u00e4nsning av behandlingen i enlighet med artikel 18 i GDPR;<\/li>\r\n<li>att f\u00e5 de uppgifter som r\u00f6r dem och som de tillhandah\u00e5llit och att f\u00e5 dessa uppgifter \u00f6verf\u00f6rda till andra leverant\u00f6rer\/kontrollanter (se \u00e4ven artikel 20 i GDPR);<\/li>\r\n<li>att l\u00e4mna in ett klagom\u00e5l till tillsynsmyndigheten om de anser att de uppgifter som r\u00f6r dem behandlas av leverant\u00f6ren i strid med dataskyddsbest\u00e4mmelserna (se \u00e4ven artikel 77 i GDPR).<\/li>\r\n<\/ul>\r\n<p>Leverant\u00f6ren \u00e4r dessutom skyldig att informera alla mottagare till vilka uppgifter har l\u00e4mnats ut av leverant\u00f6ren om varje r\u00e4ttelse eller radering av uppgifter eller begr\u00e4nsning av behandlingen som sker p\u00e5 grundval av artiklarna 16, 17.1 och 18 i GDPR. Denna skyldighet g\u00e4ller dock inte om en s\u00e5dan underr\u00e4ttelse \u00e4r om\u00f6jlig eller inneb\u00e4r en oproportionerligt stor anstr\u00e4ngning. Trots detta har anv\u00e4ndaren r\u00e4tt att f\u00e5 information om dessa mottagare.<\/p>\r\n<p><strong>Anv\u00e4ndare och registrerade har ocks\u00e5 r\u00e4tt att inv\u00e4nda mot framtida behandling av uppgifter om dem i enlighet med artikel 21 i GDPR, f\u00f6rutsatt att uppgifterna behandlas av leverant\u00f6ren i enlighet med artikel 6.1 f i GDPR. I synnerhet \u00e4r det till\u00e5tet att inv\u00e4nda mot databehandling f\u00f6r direktreklam.<\/strong><\/p>\r\n<h3>III. Information om databehandling<\/h3>\r\n<p>Dina uppgifter som behandlas n\u00e4r du anv\u00e4nder v\u00e5r webbplats kommer att raderas eller blockeras s\u00e5 snart syftet med lagringen inte l\u00e4ngre \u00e4r till\u00e4mpligt, raderingen av uppgifterna inte strider mot n\u00e5gon lagstadgad lagringsskyldighet och ingen annan information ges nedan om enskilda behandlingsf\u00f6rfaranden.<\/p><br>\t\t\t\t\t\t<\/div>\n\t\t\t\t<\/div>\n\t\t\t\t\t<\/div>\n\t\t<\/div>\n\t\t\t\t\t<\/div>\n\t\t<\/section>\n\t\t\t\t<\/div>\n\t\t","protected":false},"excerpt":{"rendered":"<p>Personuppgifter (nedan kallade &#8221;uppgifter&#8221;) behandlas av oss endast i n\u00f6dv\u00e4ndig omfattning och i syfte att tillhandah\u00e5lla en funktionell och anv\u00e4ndarv\u00e4nlig webbplats, inklusive dess inneh\u00e5ll och de tj\u00e4nster som erbjuds d\u00e4r. I enlighet med artikel 4.1. i f\u00f6rordning (EU) 2016\/679, dvs. den allm\u00e4nna dataskyddsf\u00f6rordningen (nedan kallad GDPR), avses med behandling varje \u00e5tg\u00e4rd eller upps\u00e4ttning \u00e5tg\u00e4rder som&hellip;<\/p>\n","protected":false},"author":2,"featured_media":0,"parent":0,"menu_order":0,"comment_status":"closed","ping_status":"open","template":"page-templates\/fullwidth-page.php","meta":{"footnotes":""},"class_list":["post-780","page","type-page","status-publish","hentry","comments-closed","no-comments"],"aioseo_notices":[],"_links":{"self":[{"href":"https:\/\/grannycall.de\/sv\/wp-json\/wp\/v2\/pages\/780"}],"collection":[{"href":"https:\/\/grannycall.de\/sv\/wp-json\/wp\/v2\/pages"}],"about":[{"href":"https:\/\/grannycall.de\/sv\/wp-json\/wp\/v2\/types\/page"}],"author":[{"embeddable":true,"href":"https:\/\/grannycall.de\/sv\/wp-json\/wp\/v2\/users\/2"}],"replies":[{"embeddable":true,"href":"https:\/\/grannycall.de\/sv\/wp-json\/wp\/v2\/comments?post=780"}],"version-history":[{"count":3,"href":"https:\/\/grannycall.de\/sv\/wp-json\/wp\/v2\/pages\/780\/revisions"}],"predecessor-version":[{"id":1032,"href":"https:\/\/grannycall.de\/sv\/wp-json\/wp\/v2\/pages\/780\/revisions\/1032"}],"wp:attachment":[{"href":"https:\/\/grannycall.de\/sv\/wp-json\/wp\/v2\/media?parent=780"}],"curies":[{"name":"wp","href":"https:\/\/api.w.org\/{rel}","templated":true}]}}