{"id":768,"date":"2022-01-12T23:34:39","date_gmt":"2022-01-12T22:34:39","guid":{"rendered":"https:\/\/grannycall.de\/impressum\/"},"modified":"2024-08-26T18:56:13","modified_gmt":"2024-08-26T16:56:13","slug":"impressum","status":"publish","type":"page","link":"https:\/\/grannycall.de\/sv\/impressum\/","title":{"rendered":"Impressum"},"content":{"rendered":"\t\t<div data-elementor-type=\"wp-page\" data-elementor-id=\"768\" class=\"elementor elementor-768 elementor-84\">\n\t\t\t\t\t\t<section class=\"elementor-section elementor-top-section elementor-element elementor-element-3baf8848 elementor-section-boxed elementor-section-height-default elementor-section-height-default\" data-id=\"3baf8848\" data-element_type=\"section\">\n\t\t\t\t\t\t<div class=\"elementor-container elementor-column-gap-default\">\n\t\t\t\t\t<div class=\"elementor-column elementor-col-100 elementor-top-column elementor-element elementor-element-7b3903e6\" data-id=\"7b3903e6\" data-element_type=\"column\">\n\t\t\t<div class=\"elementor-widget-wrap elementor-element-populated\">\n\t\t\t\t\t\t<div class=\"elementor-element elementor-element-2015761e elementor-widget elementor-widget-text-editor\" data-id=\"2015761e\" data-element_type=\"widget\" data-widget_type=\"text-editor.default\">\n\t\t\t\t<div class=\"elementor-widget-container\">\n\t\t\t\t\t\t\t<p><strong>Information enligt \u00a7 5 TMG<\/strong><br \/>Grannycall UG (haftungsbeschr\u00e4nkt)<br \/>Krusekoppel 1<br \/>24306 Pl\u00f6n<\/p><p>Mail:\u00a0<a href=\"mailto:info@grannycall.de\">info@grannycall.de<\/a><br \/>Tel.: +49 4522\/784796-0<\/p><p><strong>VD (beh\u00f6rig att f\u00f6retr\u00e4da)<\/strong><br \/><strong><img decoding=\"async\" class=\"alignnone wp-image-1197\" src=\"https:\/\/grannycall.de\/wp-content\/uploads\/2024\/08\/MBrix.png\" alt=\"M. Brix\" width=\"72\" height=\"15\" \/><\/strong><\/p><p><strong>Registrering i handelsregistret<\/strong><\/p><p>Amtsgericht Kiel, HRB 22599 KI<\/p><p><strong>Identifikationsnummer f\u00f6r oms\u00e4ttningsskatt enligt \u00a7 27a UStG<\/strong><\/p><p>DE342639575<\/p><p><strong>EU-kommissionens plattform f\u00f6r tvistl\u00f6sning online<\/strong><\/p><p>Europeiska kommissionen tillhandah\u00e5ller en plattform f\u00f6r tvistl\u00f6sning online:<br \/>ec.europa.eu\/consumers\/odr\/<\/p>\t\t\t\t\t\t<\/div>\n\t\t\t\t<\/div>\n\t\t\t\t\t<\/div>\n\t\t<\/div>\n\t\t\t\t\t<\/div>\n\t\t<\/section>\n\t\t\t\t<\/div>\n\t\t","protected":false},"excerpt":{"rendered":"<p>Information enligt \u00a7 5 TMGGrannycall UG (haftungsbeschr\u00e4nkt)Krusekoppel 124306 Pl\u00f6n Mail:\u00a0info@grannycall.deTel.: +49 4522\/784796-0 VD (beh\u00f6rig att f\u00f6retr\u00e4da) Registrering i handelsregistret Amtsgericht Kiel, HRB 22599 KI Identifikationsnummer f\u00f6r oms\u00e4ttningsskatt enligt \u00a7 27a UStG DE342639575 EU-kommissionens plattform f\u00f6r tvistl\u00f6sning online Europeiska kommissionen tillhandah\u00e5ller en plattform f\u00f6r tvistl\u00f6sning online:ec.europa.eu\/consumers\/odr\/<\/p>\n","protected":false},"author":2,"featured_media":0,"parent":0,"menu_order":0,"comment_status":"closed","ping_status":"closed","template":"page-templates\/fullwidth-notitle-page.php","meta":{"footnotes":""},"class_list":["post-768","page","type-page","status-publish","hentry","comments-closed","no-comments"],"aioseo_notices":[],"_links":{"self":[{"href":"https:\/\/grannycall.de\/sv\/wp-json\/wp\/v2\/pages\/768"}],"collection":[{"href":"https:\/\/grannycall.de\/sv\/wp-json\/wp\/v2\/pages"}],"about":[{"href":"https:\/\/grannycall.de\/sv\/wp-json\/wp\/v2\/types\/page"}],"author":[{"embeddable":true,"href":"https:\/\/grannycall.de\/sv\/wp-json\/wp\/v2\/users\/2"}],"replies":[{"embeddable":true,"href":"https:\/\/grannycall.de\/sv\/wp-json\/wp\/v2\/comments?post=768"}],"version-history":[{"count":6,"href":"https:\/\/grannycall.de\/sv\/wp-json\/wp\/v2\/pages\/768\/revisions"}],"predecessor-version":[{"id":1206,"href":"https:\/\/grannycall.de\/sv\/wp-json\/wp\/v2\/pages\/768\/revisions\/1206"}],"wp:attachment":[{"href":"https:\/\/grannycall.de\/sv\/wp-json\/wp\/v2\/media?parent=768"}],"curies":[{"name":"wp","href":"https:\/\/api.w.org\/{rel}","templated":true}]}}