{"id":748,"date":"2022-01-12T23:05:43","date_gmt":"2022-01-12T22:05:43","guid":{"rendered":"https:\/\/grannycall.de\/appen-i-detalj\/"},"modified":"2022-04-11T01:53:05","modified_gmt":"2022-04-10T23:53:05","slug":"appen-i-detalj","status":"publish","type":"page","link":"https:\/\/grannycall.de\/sv\/appen-i-detalj\/","title":{"rendered":"Appen i detalj"},"content":{"rendered":"\t\t<div data-elementor-type=\"wp-page\" data-elementor-id=\"748\" class=\"elementor elementor-748 elementor-258\">\n\t\t\t\t\t\t<section class=\"elementor-section elementor-top-section elementor-element elementor-element-8c271fa elementor-section-boxed elementor-section-height-default elementor-section-height-default\" data-id=\"8c271fa\" data-element_type=\"section\">\n\t\t\t\t\t\t<div class=\"elementor-container elementor-column-gap-default\">\n\t\t\t\t\t<div class=\"elementor-column elementor-col-100 elementor-top-column elementor-element elementor-element-3026467\" data-id=\"3026467\" data-element_type=\"column\">\n\t\t\t<div class=\"elementor-widget-wrap elementor-element-populated\">\n\t\t\t\t\t\t<div class=\"elementor-element elementor-element-9a73b02 tencol-width elementor-widget elementor-widget-wp-widget-pukeko-pagetitle-widget\" data-id=\"9a73b02\" data-element_type=\"widget\" data-widget_type=\"pukeko-seitentitel.default\">\n\t\t\t\t<div class=\"elementor-widget-container\">\n\t\t\t\t <div class=\"pukeko-pagetitle-wrap center\">\n\t\t\t\t <span class=\"pagetitle-subtitle\">I \u00d6VERSIKT<\/span>\n\t\t \t\t\t <h1 class=\"section-title\">En Grannycall kan g\u00f6ra det:<\/h1>\n                                         \n\t <\/div>\t\t<\/div>\n\t\t\t\t<\/div>\n\t\t\t\t\t<\/div>\n\t\t<\/div>\n\t\t\t\t\t<\/div>\n\t\t<\/section>\n\t\t\t\t<section class=\"elementor-section elementor-top-section elementor-element elementor-element-8efd676 elementor-section-boxed elementor-section-height-default elementor-section-height-default\" data-id=\"8efd676\" data-element_type=\"section\">\n\t\t\t\t\t\t<div class=\"elementor-container elementor-column-gap-default\">\n\t\t\t\t\t<div class=\"elementor-column elementor-col-100 elementor-top-column elementor-element elementor-element-2d8cbfc\" data-id=\"2d8cbfc\" data-element_type=\"column\">\n\t\t\t<div class=\"elementor-widget-wrap elementor-element-populated\">\n\t\t\t\t\t\t<div class=\"elementor-element elementor-element-62a2109 elementor-widget elementor-widget-wp-widget-pukeko-product-widget\" data-id=\"62a2109\" data-element_type=\"widget\" data-widget_type=\"pukeko-produkt.default\">\n\t\t\t\t<div class=\"elementor-widget-container\">\n\t\t\t<div class=\"pukeko-product-wrap fullwidth left\">\n\n\t\t\t\t<div class=\"product-img-wrap\">\n\t\t\t<img decoding=\"async\" src=\"https:\/\/grannycall.de\/wp-content\/uploads\/2021\/04\/Grannycall-Fotos.jpg\" alt=\"\" class=\"product-img\">\n\t\t<\/div>\n\t\t\n\t\t<div class=\"product-content-wrap\">\n\n\t\t\t<div class=\"product-content\">\n\t\t\t\t\t\t\t<span class=\"product-subtitle\">BILDER FR\u00c5N UTST\u00c4LLNINGEN<\/span>\n\t\t\t\n\t\t\t\t\t\t\t<h3 class=\"section-title\">Visa foton... enklare \u00e4n n\u00e5gonsin tidigare!<\/h3>\n\t\t\t\n                            <p>Om du anv\u00e4nder appen f\u00f6r Grannycall p\u00e5 din smartphone eller surfplatta kan du ocks\u00e5 visa foton fr\u00e5n Grannycall under telefonsamtalet. Dessa visas sedan p\u00e5 andra sidan i fullformat p\u00e5 TV. Du kan till exempel visa mor- och farf\u00f6r\u00e4ldrarna semesterbilder av barnbarnen \u00e4ven om ett personligt bes\u00f6k inte \u00e4r m\u00f6jligt f\u00f6r tillf\u00e4llet.<\/p>\t\n                            \n                            \n\t\t\t\n\t\t\t<\/div>\n\t\t<\/div>\n\t<\/div>\t\t<\/div>\n\t\t\t\t<\/div>\n\t\t\t\t\t<\/div>\n\t\t<\/div>\n\t\t\t\t\t<\/div>\n\t\t<\/section>\n\t\t\t\t<section class=\"elementor-section elementor-top-section elementor-element elementor-element-a0139ea elementor-section-boxed elementor-section-height-default elementor-section-height-default\" data-id=\"a0139ea\" data-element_type=\"section\">\n\t\t\t\t\t\t<div class=\"elementor-container elementor-column-gap-default\">\n\t\t\t\t\t<div class=\"elementor-column elementor-col-100 elementor-top-column elementor-element elementor-element-777c787\" data-id=\"777c787\" data-element_type=\"column\">\n\t\t\t<div class=\"elementor-widget-wrap elementor-element-populated\">\n\t\t\t\t\t\t<div class=\"elementor-element elementor-element-42a6569 elementor-widget elementor-widget-wp-widget-pukeko-product-widget\" data-id=\"42a6569\" data-element_type=\"widget\" data-widget_type=\"pukeko-produkt.default\">\n\t\t\t\t<div class=\"elementor-widget-container\">\n\t\t\t<div class=\"pukeko-product-wrap fullwidth right\">\n\n\t\t\t\t<div class=\"product-img-wrap\">\n\t\t\t<img decoding=\"async\" src=\"https:\/\/grannycall.de\/wp-content\/uploads\/2021\/04\/Grannycall-Kontakte.jpg\" alt=\"\" class=\"product-img\">\n\t\t<\/div>\n\t\t\n\t\t<div class=\"product-content-wrap\">\n\n\t\t\t<div class=\"product-content\">\n\t\t\t\t\t\t\t<span class=\"product-subtitle\">APPEN<\/span>\n\t\t\t\n\t\t\t\t\t\t\t<h3 class=\"section-title\">L\u00e4tt att anv\u00e4nda och alltid med dig<\/h3>\n\t\t\t\n                            <p>Med hj\u00e4lp av v\u00e5r app kan du ringa videotelefonsamtal n\u00e4r som helst, \u00e4ven utan en andra Grannycall och n\u00e4r du \u00e4r p\u00e5 spr\u00e5ang. Det g\u00f6r du genom att trycka p\u00e5 namnet p\u00e5 den person du vill ringa.<br \/>\r\nNaturligtvis kan du ocks\u00e5 bli uppringd p\u00e5 en smartphone eller surfplatta med appen installerad.<br \/>\r\n<\/p>\t\n                            \n                            \n\t\t\t\n\t\t\t<\/div>\n\t\t<\/div>\n\t<\/div>\t\t<\/div>\n\t\t\t\t<\/div>\n\t\t\t\t\t<\/div>\n\t\t<\/div>\n\t\t\t\t\t<\/div>\n\t\t<\/section>\n\t\t\t\t<section class=\"elementor-section elementor-top-section elementor-element elementor-element-1a36cc1 elementor-section-boxed elementor-section-height-default elementor-section-height-default\" data-id=\"1a36cc1\" data-element_type=\"section\">\n\t\t\t\t\t\t<div class=\"elementor-container elementor-column-gap-default\">\n\t\t\t\t\t<div class=\"elementor-column elementor-col-100 elementor-top-column elementor-element elementor-element-80556a1\" data-id=\"80556a1\" data-element_type=\"column\">\n\t\t\t<div class=\"elementor-widget-wrap elementor-element-populated\">\n\t\t\t\t\t\t<div class=\"elementor-element elementor-element-5709a2b elementor-widget elementor-widget-wp-widget-pukeko-product-widget\" data-id=\"5709a2b\" data-element_type=\"widget\" data-widget_type=\"pukeko-produkt.default\">\n\t\t\t\t<div class=\"elementor-widget-container\">\n\t\t\t<div class=\"pukeko-product-wrap fullwidth left\">\n\n\t\t\t\t<div class=\"product-img-wrap\">\n\t\t\t<img decoding=\"async\" src=\"https:\/\/grannycall.de\/wp-content\/uploads\/2021\/04\/Grannycall-Mediathek.jpg\" alt=\"\" class=\"product-img\">\n\t\t<\/div>\n\t\t\n\t\t<div class=\"product-content-wrap\">\n\n\t\t\t<div class=\"product-content\">\n\t\t\t\t\t\t\t<span class=\"product-subtitle\">MEDIATHEKS<\/span>\n\t\t\t\n\t\t\t\t\t\t\t<h3 class=\"section-title\">Tillg\u00e5ng till public service-mediebiblioteken<\/h3>\n\t\t\t\n                            <p>M\u00e5nga \u00e4ldre skulle vilja titta p\u00e5 ett eller tv\u00e5 program som de missat p\u00e5 tv, men de har inte tillg\u00e5ng till en mediebiblioteken.<\/p>\t\n                            \n                            <a class=\"product-btn btn btn-m btn-outlined\" href=\"https:\/\/grannycall.de\/sv\/reserv\">Reservera din Grannycall<\/a>\n\t\t\t\n\t\t\t<\/div>\n\t\t<\/div>\n\t<\/div>\t\t<\/div>\n\t\t\t\t<\/div>\n\t\t\t\t<div class=\"elementor-element elementor-element-cc1207a elementor-widget elementor-widget-image\" data-id=\"cc1207a\" data-element_type=\"widget\" data-widget_type=\"image.default\">\n\t\t\t\t<div class=\"elementor-widget-container\">\n\t\t\t\t\t\t\t\t\t\t\t\t\t<img fetchpriority=\"high\" decoding=\"async\" width=\"269\" height=\"300\" src=\"https:\/\/grannycall.de\/wp-content\/uploads\/2020\/11\/Logo-Big-269x300.png\" class=\"attachment-medium size-medium wp-image-499\" alt=\"Logo Grannycall\" srcset=\"https:\/\/grannycall.de\/wp-content\/uploads\/2020\/11\/Logo-Big-269x300.png 269w, https:\/\/grannycall.de\/wp-content\/uploads\/2020\/11\/Logo-Big.png 434w\" sizes=\"(max-width: 269px) 100vw, 269px\" \/>\t\t\t\t\t\t\t\t\t\t\t\t\t<\/div>\n\t\t\t\t<\/div>\n\t\t\t\t\t<\/div>\n\t\t<\/div>\n\t\t\t\t\t<\/div>\n\t\t<\/section>\n\t\t\t\t<\/div>\n\t\t","protected":false},"excerpt":{"rendered":"<p>I \u00d6VERSIKT En Grannycall kan g\u00f6ra det: BILDER FR\u00c5N UTST\u00c4LLNINGEN Visa foton&#8230; enklare \u00e4n n\u00e5gonsin tidigare! Om du anv\u00e4nder appen f\u00f6r Grannycall p\u00e5 din smartphone eller surfplatta kan du ocks\u00e5 visa foton fr\u00e5n Grannycall under telefonsamtalet. Dessa visas sedan p\u00e5 andra sidan i fullformat p\u00e5 TV. Du kan till exempel visa mor- och farf\u00f6r\u00e4ldrarna semesterbilder&hellip;<\/p>\n","protected":false},"author":2,"featured_media":0,"parent":0,"menu_order":0,"comment_status":"closed","ping_status":"closed","template":"page-templates\/fullscreen-page.php","meta":{"footnotes":""},"class_list":["post-748","page","type-page","status-publish","hentry","comments-closed","no-comments"],"aioseo_notices":[],"_links":{"self":[{"href":"https:\/\/grannycall.de\/sv\/wp-json\/wp\/v2\/pages\/748"}],"collection":[{"href":"https:\/\/grannycall.de\/sv\/wp-json\/wp\/v2\/pages"}],"about":[{"href":"https:\/\/grannycall.de\/sv\/wp-json\/wp\/v2\/types\/page"}],"author":[{"embeddable":true,"href":"https:\/\/grannycall.de\/sv\/wp-json\/wp\/v2\/users\/2"}],"replies":[{"embeddable":true,"href":"https:\/\/grannycall.de\/sv\/wp-json\/wp\/v2\/comments?post=748"}],"version-history":[{"count":9,"href":"https:\/\/grannycall.de\/sv\/wp-json\/wp\/v2\/pages\/748\/revisions"}],"predecessor-version":[{"id":1064,"href":"https:\/\/grannycall.de\/sv\/wp-json\/wp\/v2\/pages\/748\/revisions\/1064"}],"wp:attachment":[{"href":"https:\/\/grannycall.de\/sv\/wp-json\/wp\/v2\/media?parent=748"}],"curies":[{"name":"wp","href":"https:\/\/api.w.org\/{rel}","templated":true}]}}