{"id":692,"date":"2021-09-24T21:16:07","date_gmt":"2021-09-24T19:16:07","guid":{"rendered":"https:\/\/grannycall.de\/saekerhet\/"},"modified":"2022-01-12T23:41:23","modified_gmt":"2022-01-12T22:41:23","slug":"saekerhet","status":"publish","type":"page","link":"https:\/\/grannycall.de\/sv\/saekerhet\/","title":{"rendered":"S\u00e4kerhet"},"content":{"rendered":"\t\t<div data-elementor-type=\"wp-page\" data-elementor-id=\"692\" class=\"elementor elementor-692 elementor-525\">\n\t\t\t\t\t\t<section class=\"elementor-section elementor-top-section elementor-element elementor-element-31803a9 elementor-section-boxed elementor-section-height-default elementor-section-height-default\" data-id=\"31803a9\" data-element_type=\"section\">\n\t\t\t\t\t\t<div class=\"elementor-container elementor-column-gap-default\">\n\t\t\t\t\t<div class=\"elementor-column elementor-col-100 elementor-top-column elementor-element elementor-element-a663557\" data-id=\"a663557\" data-element_type=\"column\">\n\t\t\t<div class=\"elementor-widget-wrap\">\n\t\t\t\t\t\t\t<\/div>\n\t\t<\/div>\n\t\t\t\t\t<\/div>\n\t\t<\/section>\n\t\t\t\t<section class=\"elementor-section elementor-top-section elementor-element elementor-element-5dc6401 elementor-section-boxed elementor-section-height-default elementor-section-height-default\" data-id=\"5dc6401\" data-element_type=\"section\">\n\t\t\t\t\t\t<div class=\"elementor-container elementor-column-gap-default\">\n\t\t\t\t\t<div class=\"elementor-column elementor-col-100 elementor-top-column elementor-element elementor-element-10b2e2b\" data-id=\"10b2e2b\" data-element_type=\"column\">\n\t\t\t<div class=\"elementor-widget-wrap elementor-element-populated\">\n\t\t\t\t\t\t<div class=\"elementor-element elementor-element-3ee0eea tencol-width elementor-widget elementor-widget-wp-widget-pukeko-pagetitle-widget\" data-id=\"3ee0eea\" data-element_type=\"widget\" data-widget_type=\"pukeko-seitentitel.default\">\n\t\t\t\t<div class=\"elementor-widget-container\">\n\t\t\t\t <div class=\"pukeko-pagetitle-wrap center\">\n\t\t\t\t <span class=\"pagetitle-subtitle\">Personlig integritet<\/span>\n\t\t \t\t\t <h1 class=\"section-title\">Dataekonomi och datas\u00e4kerhet<\/h1>\n                                         <p>P\u00e5 Grannycall l\u00e4gger vi stor vikt vid dataminimering och s\u00e4kerhet.<\/p>\n\t <\/div>\t\t<\/div>\n\t\t\t\t<\/div>\n\t\t\t\t<div class=\"elementor-element elementor-element-831a4cb tencol-width elementor-widget elementor-widget-text-editor\" data-id=\"831a4cb\" data-element_type=\"widget\" data-widget_type=\"text-editor.default\">\n\t\t\t\t<div class=\"elementor-widget-container\">\n\t\t\t\t\t\t\t<h2>Dataminimering<\/h2>\n<p>Princip samlar vi bara in de uppgifter som vi absolut beh\u00f6ver f\u00f6r att kunna erbjuda v\u00e5ra tj\u00e4nster.<\/p>\n<p><em>Exempel: Eftersom Grannycall inte tar betalt per minut f\u00f6r samtal beh\u00f6ver vi inte veta hur l\u00e4nge du pratar med vem och hur l\u00e4nge. D\u00e4rf\u00f6r samlar vi inte ens in dessa uppgifter.<\/em><\/p>\n<p>I princip skapar vi inga profiler av v\u00e5ra kunder och vi skulle aldrig s\u00e4lja personuppgifter till tredje part. De uppgifter som vi beh\u00f6ver spara (t.ex. din adress f\u00f6r fakturering) lagras endast p\u00e5 servrar i Tyskland.<\/p>\n<p>&nbsp;<\/p>\n<h2>S\u00e4kerhet<\/h2>\n<p>Grannycall anv\u00e4nder konsekvent de senaste s\u00e4kerhetsstandarderna. Allt datautbyte mellan Grannycall eller appen och v\u00e5ra servrar \u00e4r transportkrypterat via TLS 1.3, vilket inneb\u00e4r att tredje part inte har n\u00e5gon m\u00f6jlighet att manipulera eller l\u00e4sa de \u00f6verf\u00f6rda uppgifterna.<\/p>\n<p>N\u00e4r det \u00e4r m\u00f6jligt anv\u00e4nder vi end-to-end-kryptering via DTLS, vilket inneb\u00e4r att inte ens vi som producenter har teknisk m\u00f6jlighet att registrera data. Detta g\u00e4ller b\u00e5de sj\u00e4lva videonsamtalem och \u00f6verf\u00f6ringen av bilder. \u00c4ven om du v\u00e4ljer en film i mediebiblioteket via Grannycall-appen \u00f6verf\u00f6rs ditt val krypterat fr\u00e5n b\u00f6rjan till slut till den Grannycall enheten.<\/p>\n<p>F\u00f6r att s\u00e4kerst\u00e4lla att sj\u00e4lva Grannycall heten alltid \u00e4r s\u00e4ker tillhandah\u00e5ller vi alltid programuppdateringar med en digital signatur. P\u00e5 s\u00e5 s\u00e4tt skulle enheten omedelbart k\u00e4nna igen manipulerad programvara och v\u00e4gra att installera den.<\/p>\n\t\t\t\t\t\t<\/div>\n\t\t\t\t<\/div>\n\t\t\t\t\t<\/div>\n\t\t<\/div>\n\t\t\t\t\t<\/div>\n\t\t<\/section>\n\t\t\t\t<\/div>\n\t\t","protected":false},"excerpt":{"rendered":"<p>Personlig integritet Dataekonomi och datas\u00e4kerhet P\u00e5 Grannycall l\u00e4gger vi stor vikt vid dataminimering och s\u00e4kerhet. Dataminimering Princip samlar vi bara in de uppgifter som vi absolut beh\u00f6ver f\u00f6r att kunna erbjuda v\u00e5ra tj\u00e4nster. Exempel: Eftersom Grannycall inte tar betalt per minut f\u00f6r samtal beh\u00f6ver vi inte veta hur l\u00e4nge du pratar med vem och hur&hellip;<\/p>\n","protected":false},"author":1,"featured_media":0,"parent":0,"menu_order":0,"comment_status":"closed","ping_status":"closed","template":"page-templates\/fullscreen-page.php","meta":{"footnotes":""},"class_list":["post-692","page","type-page","status-publish","hentry","comments-closed","no-comments"],"aioseo_notices":[],"_links":{"self":[{"href":"https:\/\/grannycall.de\/sv\/wp-json\/wp\/v2\/pages\/692"}],"collection":[{"href":"https:\/\/grannycall.de\/sv\/wp-json\/wp\/v2\/pages"}],"about":[{"href":"https:\/\/grannycall.de\/sv\/wp-json\/wp\/v2\/types\/page"}],"author":[{"embeddable":true,"href":"https:\/\/grannycall.de\/sv\/wp-json\/wp\/v2\/users\/1"}],"replies":[{"embeddable":true,"href":"https:\/\/grannycall.de\/sv\/wp-json\/wp\/v2\/comments?post=692"}],"version-history":[{"count":7,"href":"https:\/\/grannycall.de\/sv\/wp-json\/wp\/v2\/pages\/692\/revisions"}],"predecessor-version":[{"id":784,"href":"https:\/\/grannycall.de\/sv\/wp-json\/wp\/v2\/pages\/692\/revisions\/784"}],"wp:attachment":[{"href":"https:\/\/grannycall.de\/sv\/wp-json\/wp\/v2\/media?parent=692"}],"curies":[{"name":"wp","href":"https:\/\/api.w.org\/{rel}","templated":true}]}}