{"id":689,"date":"2021-09-24T20:57:42","date_gmt":"2021-09-24T18:57:42","guid":{"rendered":"https:\/\/grannycall.de\/fraagor-och-svar\/"},"modified":"2022-01-12T23:51:54","modified_gmt":"2022-01-12T22:51:54","slug":"fraagor-och-svar","status":"publish","type":"page","link":"https:\/\/grannycall.de\/sv\/fraagor-och-svar\/","title":{"rendered":"Fr\u00e5gor och svar"},"content":{"rendered":"\t\t<div data-elementor-type=\"wp-page\" data-elementor-id=\"689\" class=\"elementor elementor-689 elementor-61\">\n\t\t\t\t\t\t<section class=\"elementor-section elementor-top-section elementor-element elementor-element-32eb414e elementor-section-boxed elementor-section-height-default elementor-section-height-default\" data-id=\"32eb414e\" data-element_type=\"section\">\n\t\t\t\t\t\t<div class=\"elementor-container elementor-column-gap-default\">\n\t\t\t\t\t<div class=\"elementor-column elementor-col-100 elementor-top-column elementor-element elementor-element-de162d8\" data-id=\"de162d8\" data-element_type=\"column\">\n\t\t\t<div class=\"elementor-widget-wrap elementor-element-populated\">\n\t\t\t\t\t\t<div class=\"elementor-element elementor-element-4ae3300 tencol-width elementor-widget elementor-widget-wp-widget-pukeko-pagetitle-widget\" data-id=\"4ae3300\" data-element_type=\"widget\" data-widget_type=\"pukeko-seitentitel.default\">\n\t\t\t\t<div class=\"elementor-widget-container\">\n\t\t\t\t <div class=\"pukeko-pagetitle-wrap center\">\n\t\t\t\t <span class=\"pagetitle-subtitle\">S\u00c5 FUNGERAR GRANNYCALL <\/span>\n\t\t \t\t\t <h1 class=\"section-title\">Fr\u00e5gor och svar<\/h1>\n                                         \n\t <\/div>\t\t<\/div>\n\t\t\t\t<\/div>\n\t\t\t\t\t<\/div>\n\t\t<\/div>\n\t\t\t\t\t<\/div>\n\t\t<\/section>\n\t\t\t\t<section class=\"elementor-section elementor-top-section elementor-element elementor-element-a67c1a0 elementor-section-boxed elementor-section-height-default elementor-section-height-default\" data-id=\"a67c1a0\" data-element_type=\"section\">\n\t\t\t\t\t\t<div class=\"elementor-container elementor-column-gap-default\">\n\t\t\t\t\t<div class=\"elementor-column elementor-col-100 elementor-top-column elementor-element elementor-element-a2d7ad1\" data-id=\"a2d7ad1\" data-element_type=\"column\">\n\t\t\t<div class=\"elementor-widget-wrap elementor-element-populated\">\n\t\t\t\t\t\t<div class=\"elementor-element elementor-element-0236a4d elementor-widget elementor-widget-spacer\" data-id=\"0236a4d\" data-element_type=\"widget\" data-widget_type=\"spacer.default\">\n\t\t\t\t<div class=\"elementor-widget-container\">\n\t\t\t\t\t<div class=\"elementor-spacer\">\n\t\t\t<div class=\"elementor-spacer-inner\"><\/div>\n\t\t<\/div>\n\t\t\t\t<\/div>\n\t\t\t\t<\/div>\n\t\t\t\t\t<\/div>\n\t\t<\/div>\n\t\t\t\t\t<\/div>\n\t\t<\/section>\n\t\t\t\t<section class=\"elementor-section elementor-top-section elementor-element elementor-element-d6191d2 elementor-section-boxed elementor-section-height-default elementor-section-height-default\" data-id=\"d6191d2\" data-element_type=\"section\">\n\t\t\t\t\t\t<div class=\"elementor-container elementor-column-gap-default\">\n\t\t\t\t\t<div class=\"elementor-column elementor-col-100 elementor-top-column elementor-element elementor-element-71a25b2\" data-id=\"71a25b2\" data-element_type=\"column\">\n\t\t\t<div class=\"elementor-widget-wrap\">\n\t\t\t\t\t\t\t<\/div>\n\t\t<\/div>\n\t\t\t\t\t<\/div>\n\t\t<\/section>\n\t\t\t\t<section class=\"elementor-section elementor-top-section elementor-element elementor-element-ee33463 elementor-section-full_width elementor-section-height-default elementor-section-height-default\" data-id=\"ee33463\" data-element_type=\"section\">\n\t\t\t\t\t\t<div class=\"elementor-container elementor-column-gap-default\">\n\t\t\t\t\t<div class=\"elementor-column elementor-col-16 elementor-top-column elementor-element elementor-element-5567a16 elementor-hidden-phone\" data-id=\"5567a16\" data-element_type=\"column\">\n\t\t\t<div class=\"elementor-widget-wrap\">\n\t\t\t\t\t\t\t<\/div>\n\t\t<\/div>\n\t\t\t\t<div class=\"elementor-column elementor-col-66 elementor-top-column elementor-element elementor-element-c46a7b7\" data-id=\"c46a7b7\" data-element_type=\"column\">\n\t\t\t<div class=\"elementor-widget-wrap elementor-element-populated\">\n\t\t\t\t\t\t<div class=\"elementor-element elementor-element-58a3780 elementor-widget elementor-widget-accordion\" data-id=\"58a3780\" data-element_type=\"widget\" data-widget_type=\"accordion.default\">\n\t\t\t\t<div class=\"elementor-widget-container\">\n\t\t\t\t\t<div class=\"elementor-accordion\">\n\t\t\t\t\t\t\t<div class=\"elementor-accordion-item\">\n\t\t\t\t\t<h5 id=\"elementor-tab-title-9291\" class=\"elementor-tab-title\" data-tab=\"1\" role=\"button\" aria-controls=\"elementor-tab-content-9291\" aria-expanded=\"false\">\n\t\t\t\t\t\t\t\t\t\t\t\t\t<span class=\"elementor-accordion-icon elementor-accordion-icon-left\" aria-hidden=\"true\">\n\t\t\t\t\t\t\t\t\t\t\t\t\t\t\t<span class=\"elementor-accordion-icon-closed\"><i class=\"fas fa-plus\"><\/i><\/span>\n\t\t\t\t\t\t\t\t<span class=\"elementor-accordion-icon-opened\"><i class=\"fas fa-minus\"><\/i><\/span>\n\t\t\t\t\t\t\t\t\t\t\t\t\t\t<\/span>\n\t\t\t\t\t\t\t\t\t\t\t\t<a class=\"elementor-accordion-title\" tabindex=\"0\">Fungerar Grannycall med vilken TV som helst?<\/a>\n\t\t\t\t\t<\/h5>\n\t\t\t\t\t<div id=\"elementor-tab-content-9291\" class=\"elementor-tab-content elementor-clearfix\" data-tab=\"1\" role=\"region\" aria-labelledby=\"elementor-tab-title-9291\"><p>F\u00f6r att Grannycall automatiskt ska kunna sl\u00e5 p\u00e5 TV:n eller byta till r\u00e4tt kanal m\u00e5ste din TV kunna anv\u00e4nda HDMI-CEC-teknik. Detta \u00e4r fallet med n\u00e4stan alla tv-apparater fr\u00e5n 2016 och fram\u00e5t, och vissa tillverkare har till och med haft st\u00f6d f\u00f6r den betydligt l\u00e4ngre. Om du \u00e4r os\u00e4ker, kontakta oss!<\/p>\n<\/div>\n\t\t\t\t<\/div>\n\t\t\t\t\t\t\t<div class=\"elementor-accordion-item\">\n\t\t\t\t\t<h5 id=\"elementor-tab-title-9292\" class=\"elementor-tab-title\" data-tab=\"2\" role=\"button\" aria-controls=\"elementor-tab-content-9292\" aria-expanded=\"false\">\n\t\t\t\t\t\t\t\t\t\t\t\t\t<span class=\"elementor-accordion-icon elementor-accordion-icon-left\" aria-hidden=\"true\">\n\t\t\t\t\t\t\t\t\t\t\t\t\t\t\t<span class=\"elementor-accordion-icon-closed\"><i class=\"fas fa-plus\"><\/i><\/span>\n\t\t\t\t\t\t\t\t<span class=\"elementor-accordion-icon-opened\"><i class=\"fas fa-minus\"><\/i><\/span>\n\t\t\t\t\t\t\t\t\t\t\t\t\t\t<\/span>\n\t\t\t\t\t\t\t\t\t\t\t\t<a class=\"elementor-accordion-title\" tabindex=\"0\">Beh\u00f6ver jag en smartphone eller surfplatta f\u00f6r Grannycall?<\/a>\n\t\t\t\t\t<\/h5>\n\t\t\t\t\t<div id=\"elementor-tab-content-9292\" class=\"elementor-tab-content elementor-clearfix\" data-tab=\"2\" role=\"region\" aria-labelledby=\"elementor-tab-title-9292\"><p>Grannycallenheter kan ocks\u00e5 ringa varandra utan att du beh\u00f6ver en surfplatta eller smartphone. Appen beh\u00f6vs dock f\u00f6r anl\u00e4ggningen av enheterna. Om du k\u00e4nner n\u00e5gon som har en smartphone kan de g\u00f6ra installationen \u00e5t dig.<\/p>\n<\/div>\n\t\t\t\t<\/div>\n\t\t\t\t\t\t\t<div class=\"elementor-accordion-item\">\n\t\t\t\t\t<h5 id=\"elementor-tab-title-9293\" class=\"elementor-tab-title\" data-tab=\"3\" role=\"button\" aria-controls=\"elementor-tab-content-9293\" aria-expanded=\"false\">\n\t\t\t\t\t\t\t\t\t\t\t\t\t<span class=\"elementor-accordion-icon elementor-accordion-icon-left\" aria-hidden=\"true\">\n\t\t\t\t\t\t\t\t\t\t\t\t\t\t\t<span class=\"elementor-accordion-icon-closed\"><i class=\"fas fa-plus\"><\/i><\/span>\n\t\t\t\t\t\t\t\t<span class=\"elementor-accordion-icon-opened\"><i class=\"fas fa-minus\"><\/i><\/span>\n\t\t\t\t\t\t\t\t\t\t\t\t\t\t<\/span>\n\t\t\t\t\t\t\t\t\t\t\t\t<a class=\"elementor-accordion-title\" tabindex=\"0\">P\u00e5 vilka enheter fungerar Grannycall appen?<\/a>\n\t\t\t\t\t<\/h5>\n\t\t\t\t\t<div id=\"elementor-tab-content-9293\" class=\"elementor-tab-content elementor-clearfix\" data-tab=\"3\" role=\"region\" aria-labelledby=\"elementor-tab-title-9293\"><p>Appen fungerar med Android fr\u00e5n och med version 6 och iOS\/iPadOS fr\u00e5n och med version 14.<\/p>\n<\/div>\n\t\t\t\t<\/div>\n\t\t\t\t\t\t\t<div class=\"elementor-accordion-item\">\n\t\t\t\t\t<h5 id=\"elementor-tab-title-9294\" class=\"elementor-tab-title\" data-tab=\"4\" role=\"button\" aria-controls=\"elementor-tab-content-9294\" aria-expanded=\"false\">\n\t\t\t\t\t\t\t\t\t\t\t\t\t<span class=\"elementor-accordion-icon elementor-accordion-icon-left\" aria-hidden=\"true\">\n\t\t\t\t\t\t\t\t\t\t\t\t\t\t\t<span class=\"elementor-accordion-icon-closed\"><i class=\"fas fa-plus\"><\/i><\/span>\n\t\t\t\t\t\t\t\t<span class=\"elementor-accordion-icon-opened\"><i class=\"fas fa-minus\"><\/i><\/span>\n\t\t\t\t\t\t\t\t\t\t\t\t\t\t<\/span>\n\t\t\t\t\t\t\t\t\t\t\t\t<a class=\"elementor-accordion-title\" tabindex=\"0\">Vilken internetuppkoppling beh\u00f6ver jag f\u00f6r Grannycall?<\/a>\n\t\t\t\t\t<\/h5>\n\t\t\t\t\t<div id=\"elementor-tab-content-9294\" class=\"elementor-tab-content elementor-clearfix\" data-tab=\"4\" role=\"region\" aria-labelledby=\"elementor-tab-title-9294\"><p>Grannycall ansluter till Internet via ditt WIFI. Din internetanslutning b\u00f6r ha en &#8221;Upstream&#8221;-hastighet p\u00e5 minst 2 Mbps. Om det inte finns n\u00e5gon m\u00f6jlighet att installera en fast n\u00e4tverksanslutning med WIFI p\u00e5 den plats d\u00e4r du vill anv\u00e4nda Grannycall kan du ocks\u00e5 anv\u00e4nda en mobil router med LTE, till exempel Gigacube fr\u00e5n Vodafone.<\/p>\n<\/div>\n\t\t\t\t<\/div>\n\t\t\t\t\t\t\t<div class=\"elementor-accordion-item\">\n\t\t\t\t\t<h5 id=\"elementor-tab-title-9295\" class=\"elementor-tab-title\" data-tab=\"5\" role=\"button\" aria-controls=\"elementor-tab-content-9295\" aria-expanded=\"false\">\n\t\t\t\t\t\t\t\t\t\t\t\t\t<span class=\"elementor-accordion-icon elementor-accordion-icon-left\" aria-hidden=\"true\">\n\t\t\t\t\t\t\t\t\t\t\t\t\t\t\t<span class=\"elementor-accordion-icon-closed\"><i class=\"fas fa-plus\"><\/i><\/span>\n\t\t\t\t\t\t\t\t<span class=\"elementor-accordion-icon-opened\"><i class=\"fas fa-minus\"><\/i><\/span>\n\t\t\t\t\t\t\t\t\t\t\t\t\t\t<\/span>\n\t\t\t\t\t\t\t\t\t\t\t\t<a class=\"elementor-accordion-title\" tabindex=\"0\">Vad kostar Grannycall?<\/a>\n\t\t\t\t\t<\/h5>\n\t\t\t\t\t<div id=\"elementor-tab-content-9295\" class=\"elementor-tab-content elementor-clearfix\" data-tab=\"5\" role=\"region\" aria-labelledby=\"elementor-tab-title-9295\"><p>Grannycallheten inkl. HD-webbkamera f\u00f6r TV:n \u00e4r en eng\u00e5ngsavgift och kostar 249,95\u00a0 \u20ac. Den \u00e5rliga grundavgiften \u00e4r 49,99 euro. Den f\u00f6rsta grundavgiften ing\u00e5r i ink\u00f6pspriset!<\/p>\n<\/div>\n\t\t\t\t<\/div>\n\t\t\t\t\t\t\t<div class=\"elementor-accordion-item\">\n\t\t\t\t\t<h5 id=\"elementor-tab-title-9296\" class=\"elementor-tab-title\" data-tab=\"6\" role=\"button\" aria-controls=\"elementor-tab-content-9296\" aria-expanded=\"false\">\n\t\t\t\t\t\t\t\t\t\t\t\t\t<span class=\"elementor-accordion-icon elementor-accordion-icon-left\" aria-hidden=\"true\">\n\t\t\t\t\t\t\t\t\t\t\t\t\t\t\t<span class=\"elementor-accordion-icon-closed\"><i class=\"fas fa-plus\"><\/i><\/span>\n\t\t\t\t\t\t\t\t<span class=\"elementor-accordion-icon-opened\"><i class=\"fas fa-minus\"><\/i><\/span>\n\t\t\t\t\t\t\t\t\t\t\t\t\t\t<\/span>\n\t\t\t\t\t\t\t\t\t\t\t\t<a class=\"elementor-accordion-title\" tabindex=\"0\">\u00c4r Grannycall s\u00e4kert?<\/a>\n\t\t\t\t\t<\/h5>\n\t\t\t\t\t<div id=\"elementor-tab-content-9296\" class=\"elementor-tab-content elementor-clearfix\" data-tab=\"6\" role=\"region\" aria-labelledby=\"elementor-tab-title-9296\"><p>Alla telefonsamtal via Grannycall krypteras automatiskt fr\u00e5n b\u00f6rjan till slut. Detta inneb\u00e4r att ingen &#8211; inte ens vi som tillverkare &#8211; har m\u00f6jlighet att spela in dina samtal. V\u00e5ra servrar finns uteslutande i Tyskland. Du hittar mer information <a href=\"https:\/\/grannycall.de\/sv\/saekerhet\/\">h\u00e4r<\/a>.<\/p>\n<\/div>\n\t\t\t\t<\/div>\n\t\t\t\t\t\t\t<div class=\"elementor-accordion-item\">\n\t\t\t\t\t<h5 id=\"elementor-tab-title-9297\" class=\"elementor-tab-title\" data-tab=\"7\" role=\"button\" aria-controls=\"elementor-tab-content-9297\" aria-expanded=\"false\">\n\t\t\t\t\t\t\t\t\t\t\t\t\t<span class=\"elementor-accordion-icon elementor-accordion-icon-left\" aria-hidden=\"true\">\n\t\t\t\t\t\t\t\t\t\t\t\t\t\t\t<span class=\"elementor-accordion-icon-closed\"><i class=\"fas fa-plus\"><\/i><\/span>\n\t\t\t\t\t\t\t\t<span class=\"elementor-accordion-icon-opened\"><i class=\"fas fa-minus\"><\/i><\/span>\n\t\t\t\t\t\t\t\t\t\t\t\t\t\t<\/span>\n\t\t\t\t\t\t\t\t\t\t\t\t<a class=\"elementor-accordion-title\" tabindex=\"0\">Vilka uppgifter samlar Grannycall in?<\/a>\n\t\t\t\t\t<\/h5>\n\t\t\t\t\t<div id=\"elementor-tab-content-9297\" class=\"elementor-tab-content elementor-clearfix\" data-tab=\"7\" role=\"region\" aria-labelledby=\"elementor-tab-title-9297\"><p>Vi l\u00e4gger stor vikt vid dataskydd och lagrar inga anslutningsuppgifter. P\u00e5 grund av krypteringen har vi ingen tillg\u00e5ng till inneh\u00e5llet i samtalen, inte ens som tillverkare.<\/p>\n<\/div>\n\t\t\t\t<\/div>\n\t\t\t\t\t\t\t\t<\/div>\n\t\t\t\t<\/div>\n\t\t\t\t<\/div>\n\t\t\t\t\t<\/div>\n\t\t<\/div>\n\t\t\t\t<div class=\"elementor-column elementor-col-16 elementor-top-column elementor-element elementor-element-3baddcc elementor-hidden-phone\" data-id=\"3baddcc\" data-element_type=\"column\">\n\t\t\t<div class=\"elementor-widget-wrap\">\n\t\t\t\t\t\t\t<\/div>\n\t\t<\/div>\n\t\t\t\t\t<\/div>\n\t\t<\/section>\n\t\t\t\t<section class=\"elementor-section elementor-top-section elementor-element elementor-element-dfcce00 elementor-section-height-min-height elementor-section-boxed elementor-section-height-default elementor-section-items-middle\" data-id=\"dfcce00\" data-element_type=\"section\">\n\t\t\t\t\t\t<div class=\"elementor-container elementor-column-gap-default\">\n\t\t\t\t\t<div class=\"elementor-column elementor-col-100 elementor-top-column elementor-element elementor-element-1b0b6bc\" data-id=\"1b0b6bc\" data-element_type=\"column\">\n\t\t\t<div class=\"elementor-widget-wrap elementor-element-populated\">\n\t\t\t\t\t\t<div class=\"elementor-element elementor-element-fa81057 elementor-widget elementor-widget-spacer\" data-id=\"fa81057\" data-element_type=\"widget\" data-widget_type=\"spacer.default\">\n\t\t\t\t<div class=\"elementor-widget-container\">\n\t\t\t\t\t<div class=\"elementor-spacer\">\n\t\t\t<div class=\"elementor-spacer-inner\"><\/div>\n\t\t<\/div>\n\t\t\t\t<\/div>\n\t\t\t\t<\/div>\n\t\t\t\t\t<\/div>\n\t\t<\/div>\n\t\t\t\t\t<\/div>\n\t\t<\/section>\n\t\t\t\t<section class=\"elementor-section elementor-top-section elementor-element elementor-element-ba9e222 elementor-section-boxed elementor-section-height-default elementor-section-height-default\" data-id=\"ba9e222\" data-element_type=\"section\">\n\t\t\t\t\t\t<div class=\"elementor-container elementor-column-gap-default\">\n\t\t\t\t\t<div class=\"elementor-column elementor-col-100 elementor-top-column elementor-element elementor-element-c273fca\" data-id=\"c273fca\" data-element_type=\"column\">\n\t\t\t<div class=\"elementor-widget-wrap elementor-element-populated\">\n\t\t\t\t\t\t<div class=\"elementor-element elementor-element-b1a5b19 elementor-widget elementor-widget-image\" data-id=\"b1a5b19\" data-element_type=\"widget\" data-widget_type=\"image.default\">\n\t\t\t\t<div class=\"elementor-widget-container\">\n\t\t\t\t\t\t\t\t\t\t\t\t\t<img fetchpriority=\"high\" decoding=\"async\" width=\"269\" height=\"300\" src=\"https:\/\/grannycall.de\/wp-content\/uploads\/2020\/11\/Logo-Big-269x300.png\" class=\"attachment-medium size-medium wp-image-499\" alt=\"Logo Grannycall\" srcset=\"https:\/\/grannycall.de\/wp-content\/uploads\/2020\/11\/Logo-Big-269x300.png 269w, https:\/\/grannycall.de\/wp-content\/uploads\/2020\/11\/Logo-Big.png 434w\" sizes=\"(max-width: 269px) 100vw, 269px\" \/>\t\t\t\t\t\t\t\t\t\t\t\t\t<\/div>\n\t\t\t\t<\/div>\n\t\t\t\t\t<\/div>\n\t\t<\/div>\n\t\t\t\t\t<\/div>\n\t\t<\/section>\n\t\t\t\t<\/div>\n\t\t","protected":false},"excerpt":{"rendered":"<p>S\u00c5 FUNGERAR GRANNYCALL Fr\u00e5gor och svar Fungerar Grannycall med vilken TV som helst? F\u00f6r att Grannycall automatiskt ska kunna sl\u00e5 p\u00e5 TV:n eller byta till r\u00e4tt kanal m\u00e5ste din TV kunna anv\u00e4nda HDMI-CEC-teknik. Detta \u00e4r fallet med n\u00e4stan alla tv-apparater fr\u00e5n 2016 och fram\u00e5t, och vissa tillverkare har till och med haft st\u00f6d f\u00f6r den&hellip;<\/p>\n","protected":false},"author":2,"featured_media":0,"parent":0,"menu_order":0,"comment_status":"closed","ping_status":"closed","template":"page-templates\/fullscreen-page.php","meta":{"footnotes":""},"class_list":["post-689","page","type-page","status-publish","hentry","comments-closed","no-comments"],"aioseo_notices":[],"_links":{"self":[{"href":"https:\/\/grannycall.de\/sv\/wp-json\/wp\/v2\/pages\/689"}],"collection":[{"href":"https:\/\/grannycall.de\/sv\/wp-json\/wp\/v2\/pages"}],"about":[{"href":"https:\/\/grannycall.de\/sv\/wp-json\/wp\/v2\/types\/page"}],"author":[{"embeddable":true,"href":"https:\/\/grannycall.de\/sv\/wp-json\/wp\/v2\/users\/2"}],"replies":[{"embeddable":true,"href":"https:\/\/grannycall.de\/sv\/wp-json\/wp\/v2\/comments?post=689"}],"version-history":[{"count":6,"href":"https:\/\/grannycall.de\/sv\/wp-json\/wp\/v2\/pages\/689\/revisions"}],"predecessor-version":[{"id":788,"href":"https:\/\/grannycall.de\/sv\/wp-json\/wp\/v2\/pages\/689\/revisions\/788"}],"wp:attachment":[{"href":"https:\/\/grannycall.de\/sv\/wp-json\/wp\/v2\/media?parent=689"}],"curies":[{"name":"wp","href":"https:\/\/api.w.org\/{rel}","templated":true}]}}