{"id":687,"date":"2021-09-24T20:40:02","date_gmt":"2021-09-24T18:40:02","guid":{"rendered":"https:\/\/grannycall.de\/startsidan\/"},"modified":"2022-04-11T01:52:15","modified_gmt":"2022-04-10T23:52:15","slug":"startsidan","status":"publish","type":"page","link":"https:\/\/grannycall.de\/sv\/","title":{"rendered":"Startsidan"},"content":{"rendered":"\t\t<div data-elementor-type=\"wp-page\" data-elementor-id=\"687\" class=\"elementor elementor-687 elementor-21\">\n\t\t\t\t\t\t<section class=\"elementor-section elementor-top-section elementor-element elementor-element-55abebbe elementor-section-boxed elementor-section-height-default elementor-section-height-default\" data-id=\"55abebbe\" data-element_type=\"section\">\n\t\t\t\t\t\t<div class=\"elementor-container elementor-column-gap-default\">\n\t\t\t\t\t<div class=\"elementor-column elementor-col-100 elementor-top-column elementor-element elementor-element-23c9ec48\" data-id=\"23c9ec48\" data-element_type=\"column\">\n\t\t\t<div class=\"elementor-widget-wrap elementor-element-populated\">\n\t\t\t\t\t\t<div class=\"elementor-element elementor-element-064a50c elementor-widget elementor-widget-menu-anchor\" data-id=\"064a50c\" data-element_type=\"widget\" data-widget_type=\"menu-anchor.default\">\n\t\t\t\t<div class=\"elementor-widget-container\">\n\t\t\t\t\t<div class=\"elementor-menu-anchor\" id=\"mehr-erfahren\"><\/div>\n\t\t\t\t<\/div>\n\t\t\t\t<\/div>\n\t\t\t\t<div class=\"elementor-element elementor-element-ef047c1 elementor-widget elementor-widget-wp-widget-pukeko-product-widget\" data-id=\"ef047c1\" data-element_type=\"widget\" data-widget_type=\"pukeko-produkt.default\">\n\t\t\t\t<div class=\"elementor-widget-container\">\n\t\t\t<div class=\"pukeko-product-wrap fullwidth left\">\n\n\t\t\t\t<div class=\"product-img-wrap\">\n\t\t\t<img decoding=\"async\" src=\"https:\/\/grannycall.de\/wp-content\/uploads\/2020\/11\/Video_square.jpg\" alt=\"\" class=\"product-img\">\n\t\t<\/div>\n\t\t\n\t\t<div class=\"product-content-wrap\">\n\n\t\t\t<div class=\"product-content\">\n\t\t\t\t\t\t\t<span class=\"product-subtitle\"><\/span>\n\t\t\t\n\t\t\t\t\t\t\t<h3 class=\"section-title\">Hur skulle det vara om du bara beh\u00f6vde trycka p\u00e5 en knapp...<\/h3>\n\t\t\t\n                            <p>Grannycall m\u00f6jligg\u00f6r videotelefoni ocks\u00e5 via en TV, vilket \u00e4r perfekt f\u00f6r till exempel \u00e4ldre personer. F\u00f6r m\u00e5nga \u00e4r den tekniska utvecklingen f\u00f6r snabb och o\u00f6versk\u00e5dlig, det f\u00f6rst\u00e5r vi.<br \/>\r\nDessutom \u00f6kar de fysiska avst\u00e5nden snarare \u00e4n att minska nuf\u00f6rtiden - s\u00e4rskilt under Corona-restriktionerna - vilket f\u00f6rsv\u00e5rar personliga m\u00f6ten. Med Grannycall kan du tr\u00e4ffa dina n\u00e4ra och k\u00e4ra, prata med varandra och skratta tillsammans - allt din motpart beh\u00f6ver \u00e4r en TV.<\/p>\t\n                            \n                            <a class=\"product-btn btn btn-m btn-outlined\" href=\"https:\/\/grannycall.de\/sv\/reserv\">Reserv<\/a>\n\t\t\t\n\t\t\t<\/div>\n\t\t<\/div>\n\t<\/div>\t\t<\/div>\n\t\t\t\t<\/div>\n\t\t\t\t<div class=\"elementor-element elementor-element-93a8d24 elementor-widget elementor-widget-wp-widget-pukeko-product-widget\" data-id=\"93a8d24\" data-element_type=\"widget\" data-widget_type=\"pukeko-produkt.default\">\n\t\t\t\t<div class=\"elementor-widget-container\">\n\t\t\t<div class=\"pukeko-product-wrap fullwidth right\">\n\n\t\t\t\t<div class=\"product-img-wrap\">\n\t\t\t<img decoding=\"async\" src=\"https:\/\/grannycall.de\/wp-content\/uploads\/2020\/11\/Grannycall_Infografik.png\" alt=\"\" class=\"product-img\">\n\t\t<\/div>\n\t\t\n\t\t<div class=\"product-content-wrap\">\n\n\t\t\t<div class=\"product-content\">\n\t\t\t\t\t\t\t<span class=\"product-subtitle\"><\/span>\n\t\t\t\n\t\t\t\t\t\t\t<h3 class=\"section-title\">Hur fungerar det?<\/h3>\n\t\t\t\n                            <p>Anslut bara Grannycall till din TV och s\u00e4tt den medf\u00f6ljande HD webbkameran uppe p\u00e5 TV sk\u00e4rmen. Efter den f\u00f6rsta och enda  installationen kan du via ringa dina n\u00e4ra och k\u00e4ra genom ett knapptryck, sj\u00e4lvklart med video. Om den uppringda parten inte har en egen Grannycall kan han eller hon anv\u00e4nda appen f\u00f6r smartphone eller surfplatta i st\u00e4llet.<br \/>\r\nDu kan naturligtvis ocks\u00e5 bli uppringd. Grannycall sl\u00e5r automatiskt p\u00e5 din TV p\u00e5 r\u00e4tt kanal, s\u00e5 att du ocks\u00e5 kan svara p\u00e5 samtalet med ett enda knapptryck. <\/p>\t\n                            \n                            <a class=\"product-btn btn btn-m btn-outlined\" href=\"https:\/\/grannycall.de\/sv\/fraagor-och-svar\/\">L\u00e4s mer<\/a>\n\t\t\t\n\t\t\t<\/div>\n\t\t<\/div>\n\t<\/div>\t\t<\/div>\n\t\t\t\t<\/div>\n\t\t\t\t\t<\/div>\n\t\t<\/div>\n\t\t\t\t\t<\/div>\n\t\t<\/section>\n\t\t\t\t<section class=\"elementor-section elementor-top-section elementor-element elementor-element-9334208 elementor-section-boxed elementor-section-height-default elementor-section-height-default\" data-id=\"9334208\" data-element_type=\"section\">\n\t\t\t\t\t\t<div class=\"elementor-container elementor-column-gap-default\">\n\t\t\t\t\t<div class=\"elementor-column elementor-col-100 elementor-top-column elementor-element elementor-element-4c4de7af\" data-id=\"4c4de7af\" data-element_type=\"column\">\n\t\t\t<div class=\"elementor-widget-wrap elementor-element-populated\">\n\t\t\t\t\t\t<div class=\"elementor-element elementor-element-7a44979 elementor-widget elementor-widget-wp-widget-pukeko-product-widget\" data-id=\"7a44979\" data-element_type=\"widget\" data-widget_type=\"pukeko-produkt.default\">\n\t\t\t\t<div class=\"elementor-widget-container\">\n\t\t\t<div class=\"pukeko-product-wrap fullwidth left\">\n\n\t\t\t\t<div class=\"product-img-wrap\">\n\t\t\t<img decoding=\"async\" src=\"https:\/\/grannycall.de\/wp-content\/uploads\/2020\/11\/Opa_square.jpg\" alt=\"\" class=\"product-img\">\n\t\t<\/div>\n\t\t\n\t\t<div class=\"product-content-wrap\">\n\n\t\t\t<div class=\"product-content\">\n\t\t\t\t\t\t\t<span class=\"product-subtitle\"><\/span>\n\t\t\t\n\t\t\t\t\t\t\t<h3 class=\"section-title\">Visa foton... enklare \u00e4n n\u00e5gonsin!<\/h3>\n\t\t\t\n                            <p>Om du anv\u00e4nder den praktiska Grannycall-appen p\u00e5 din smartphone eller surfplatta kan du ocks\u00e5 visa foton fr\u00e5n enheten under telefonsamtalet. Du kan till exempel visa mor- och farf\u00f6r\u00e4ldrarna bilderna fr\u00e5n barnbarnens semestrar \u00e4ven om ett personligt bes\u00f6k inte \u00e4r m\u00f6jligt f\u00f6r tillf\u00e4llet.<\/p>\t\n                            \n                            <a class=\"product-btn btn btn-m btn-outlined\" href=\"https:\/\/grannycall.de\/sv\/appen-i-detalj\/\">Appen i detalj<\/a>\n\t\t\t\n\t\t\t<\/div>\n\t\t<\/div>\n\t<\/div>\t\t<\/div>\n\t\t\t\t<\/div>\n\t\t\t\t\t<\/div>\n\t\t<\/div>\n\t\t\t\t\t<\/div>\n\t\t<\/section>\n\t\t\t\t<section class=\"elementor-section elementor-top-section elementor-element elementor-element-098c85c elementor-section-boxed elementor-section-height-default elementor-section-height-default\" data-id=\"098c85c\" data-element_type=\"section\">\n\t\t\t\t\t\t<div class=\"elementor-container elementor-column-gap-default\">\n\t\t\t\t\t<div class=\"elementor-column elementor-col-100 elementor-top-column elementor-element elementor-element-a84a7a1\" data-id=\"a84a7a1\" data-element_type=\"column\">\n\t\t\t<div class=\"elementor-widget-wrap elementor-element-populated\">\n\t\t\t\t\t\t<div class=\"elementor-element elementor-element-e3b63c2 elementor-widget elementor-widget-image\" data-id=\"e3b63c2\" data-element_type=\"widget\" data-widget_type=\"image.default\">\n\t\t\t\t<div class=\"elementor-widget-container\">\n\t\t\t\t\t\t\t\t\t\t\t\t\t<img fetchpriority=\"high\" decoding=\"async\" width=\"269\" height=\"300\" src=\"https:\/\/grannycall.de\/wp-content\/uploads\/2020\/11\/Logo-Big-269x300.png\" class=\"attachment-medium size-medium wp-image-499\" alt=\"Logo Grannycall\" srcset=\"https:\/\/grannycall.de\/wp-content\/uploads\/2020\/11\/Logo-Big-269x300.png 269w, https:\/\/grannycall.de\/wp-content\/uploads\/2020\/11\/Logo-Big.png 434w\" sizes=\"(max-width: 269px) 100vw, 269px\" \/>\t\t\t\t\t\t\t\t\t\t\t\t\t<\/div>\n\t\t\t\t<\/div>\n\t\t\t\t\t<\/div>\n\t\t<\/div>\n\t\t\t\t\t<\/div>\n\t\t<\/section>\n\t\t\t\t<\/div>\n\t\t","protected":false},"excerpt":{"rendered":"<p>Hur skulle det vara om du bara beh\u00f6vde trycka p\u00e5 en knapp&#8230; Grannycall m\u00f6jligg\u00f6r videotelefoni ocks\u00e5 via en TV, vilket \u00e4r perfekt f\u00f6r till exempel \u00e4ldre personer. F\u00f6r m\u00e5nga \u00e4r den tekniska utvecklingen f\u00f6r snabb och o\u00f6versk\u00e5dlig, det f\u00f6rst\u00e5r vi. Dessutom \u00f6kar de fysiska avst\u00e5nden snarare \u00e4n att minska nuf\u00f6rtiden &#8211; s\u00e4rskilt under Corona-restriktionerna &#8211;&hellip;<\/p>\n","protected":false},"author":2,"featured_media":0,"parent":0,"menu_order":0,"comment_status":"closed","ping_status":"closed","template":"page-templates\/fullscreen-page.php","meta":{"footnotes":""},"class_list":["post-687","page","type-page","status-publish","hentry","comments-closed","no-comments"],"aioseo_notices":[],"_links":{"self":[{"href":"https:\/\/grannycall.de\/sv\/wp-json\/wp\/v2\/pages\/687"}],"collection":[{"href":"https:\/\/grannycall.de\/sv\/wp-json\/wp\/v2\/pages"}],"about":[{"href":"https:\/\/grannycall.de\/sv\/wp-json\/wp\/v2\/types\/page"}],"author":[{"embeddable":true,"href":"https:\/\/grannycall.de\/sv\/wp-json\/wp\/v2\/users\/2"}],"replies":[{"embeddable":true,"href":"https:\/\/grannycall.de\/sv\/wp-json\/wp\/v2\/comments?post=687"}],"version-history":[{"count":10,"href":"https:\/\/grannycall.de\/sv\/wp-json\/wp\/v2\/pages\/687\/revisions"}],"predecessor-version":[{"id":1062,"href":"https:\/\/grannycall.de\/sv\/wp-json\/wp\/v2\/pages\/687\/revisions\/1062"}],"wp:attachment":[{"href":"https:\/\/grannycall.de\/sv\/wp-json\/wp\/v2\/media?parent=687"}],"curies":[{"name":"wp","href":"https:\/\/api.w.org\/{rel}","templated":true}]}}