{"id":1018,"date":"2022-04-10T23:21:56","date_gmt":"2022-04-10T21:21:56","guid":{"rendered":"https:\/\/grannycall.de\/reserv\/"},"modified":"2022-04-10T23:21:56","modified_gmt":"2022-04-10T21:21:56","slug":"reserv","status":"publish","type":"page","link":"https:\/\/grannycall.de\/sv\/reserv\/","title":{"rendered":"Reserv"},"content":{"rendered":"\t\t<div data-elementor-type=\"wp-page\" data-elementor-id=\"1018\" class=\"elementor elementor-1018 elementor-999\">\n\t\t\t\t\t\t<section class=\"elementor-section elementor-top-section elementor-element elementor-element-7548d78 elementor-section-boxed elementor-section-height-default elementor-section-height-default\" data-id=\"7548d78\" data-element_type=\"section\">\n\t\t\t\t\t\t<div class=\"elementor-container elementor-column-gap-default\">\n\t\t\t\t\t<div class=\"elementor-column elementor-col-100 elementor-top-column elementor-element elementor-element-886c14b\" data-id=\"886c14b\" data-element_type=\"column\">\n\t\t\t<div class=\"elementor-widget-wrap elementor-element-populated\">\n\t\t\t\t\t\t<section class=\"elementor-section elementor-inner-section elementor-element elementor-element-4faf206 elementor-section-full_width elementor-section-height-default elementor-section-height-default\" data-id=\"4faf206\" data-element_type=\"section\">\n\t\t\t\t\t\t<div class=\"elementor-container elementor-column-gap-default\">\n\t\t\t\t\t<div class=\"elementor-column elementor-col-50 elementor-inner-column elementor-element elementor-element-a6befed\" data-id=\"a6befed\" data-element_type=\"column\">\n\t\t\t<div class=\"elementor-widget-wrap elementor-element-populated\">\n\t\t\t\t\t\t<div class=\"elementor-element elementor-element-92fa04e tencol-width elementor-widget elementor-widget-wp-widget-pukeko-pagetitle-widget\" data-id=\"92fa04e\" data-element_type=\"widget\" data-widget_type=\"pukeko-seitentitel.default\">\n\t\t\t\t<div class=\"elementor-widget-container\">\n\t\t\t\t <div class=\"pukeko-pagetitle-wrap left\">\n\t\t\t\t <span class=\"pagetitle-subtitle\">Reserv<\/span>\n\t\t \t\t\t <h1 class=\"section-title\">Reservera din Grannycall<\/h1>\n                                         <p>Vill du vara en av de f\u00f6rsta att anv\u00e4nda Grannycall? Registrera dig d\u00e5 h\u00e4r utan f\u00f6rpliktelse s\u00e5 meddelar vi dig s\u00e5 snart vi kan skicka en enhet till dig.<\/p>\n\t <\/div>\t\t<\/div>\n\t\t\t\t<\/div>\n\t\t\t\t<div class=\"elementor-element elementor-element-5c266d2 elementor-widget elementor-widget-text-editor\" data-id=\"5c266d2\" data-element_type=\"widget\" data-widget_type=\"text-editor.default\">\n\t\t\t\t<div class=\"elementor-widget-container\">\n\t\t\t\t\t\t\t\n<div class=\"wpcf7 no-js\" id=\"wpcf7-f1015-o1\" lang=\"sv-SE\" dir=\"ltr\">\n<div class=\"screen-reader-response\"><p role=\"status\" aria-live=\"polite\" aria-atomic=\"true\"><\/p> <ul><\/ul><\/div>\n<form action=\"\/sv\/wp-json\/wp\/v2\/pages\/1018#wpcf7-f1015-o1\" method=\"post\" class=\"wpcf7-form init\" aria-label=\"Kontaktformul\u00e4r\" novalidate=\"novalidate\" data-status=\"init\">\n<div style=\"display: none;\">\n<input type=\"hidden\" name=\"_wpcf7\" value=\"1015\" \/>\n<input type=\"hidden\" name=\"_wpcf7_version\" value=\"5.9.8\" \/>\n<input type=\"hidden\" name=\"_wpcf7_locale\" value=\"sv_SE\" \/>\n<input type=\"hidden\" name=\"_wpcf7_unit_tag\" value=\"wpcf7-f1015-o1\" \/>\n<input type=\"hidden\" name=\"_wpcf7_container_post\" value=\"0\" \/>\n<input type=\"hidden\" name=\"_wpcf7_posted_data_hash\" value=\"\" \/>\n<\/div>\n<p><label> Ditt namn<br \/>\n<span class=\"wpcf7-form-control-wrap\" data-name=\"your-name\"><input size=\"40\" maxlength=\"400\" class=\"wpcf7-form-control wpcf7-text wpcf7-validates-as-required\" aria-required=\"true\" aria-invalid=\"false\" value=\"\" type=\"text\" name=\"your-name\" \/><\/span> <\/label>\n<\/p>\n<p><label> Din e-postadress<br \/>\n<span class=\"wpcf7-form-control-wrap\" data-name=\"your-email\"><input size=\"40\" maxlength=\"400\" class=\"wpcf7-form-control wpcf7-email wpcf7-validates-as-required wpcf7-text wpcf7-validates-as-email\" aria-required=\"true\" aria-invalid=\"false\" value=\"\" type=\"email\" name=\"your-email\" \/><\/span> <\/label>\n<\/p>\n<p><span id=\"wpcf7-69e185e2b69d9-wrapper\" class=\"wpcf7-form-control-wrap your-subject-wrap\" style=\"display:none !important; visibility:hidden !important;\"><input type=\"hidden\" name=\"your-subject-time-start\" value=\"1776387554\"><input type=\"hidden\" name=\"your-subject-time-check\" value=\"4\"><label for=\"wpcf7-69e185e2b69d9-field\" class=\"hp-message\">L\u00e4mna detta f\u00e4lt tomt.<\/label><input id=\"wpcf7-69e185e2b69d9-field\"  class=\"wpcf7-form-control wpcf7-text\" type=\"text\" name=\"your-subject\" value=\"\" size=\"40\" tabindex=\"-1\" autocomplete=\"new-password\" \/><\/span>\n<\/p>\n<p><label> Ditt meddelande (valfritt)<br \/>\n<span class=\"wpcf7-form-control-wrap\" data-name=\"your-message\"><textarea cols=\"40\" rows=\"10\" maxlength=\"2000\" class=\"wpcf7-form-control wpcf7-textarea\" aria-invalid=\"false\" name=\"your-message\"><\/textarea><\/span> <\/label>\n<\/p>\n<p><input class=\"wpcf7-form-control wpcf7-submit has-spinner\" type=\"submit\" value=\"Reserv\" \/>\n<\/p><div class=\"wpcf7-response-output\" aria-hidden=\"true\"><\/div>\n<\/form>\n<\/div>\n\t\t\t\t\t\t<\/div>\n\t\t\t\t<\/div>\n\t\t\t\t\t<\/div>\n\t\t<\/div>\n\t\t\t\t<div class=\"elementor-column elementor-col-50 elementor-inner-column elementor-element elementor-element-3b9b4ac emptybg\" data-id=\"3b9b4ac\" data-element_type=\"column\" data-settings=\"{&quot;background_background&quot;:&quot;classic&quot;}\">\n\t\t\t<div class=\"elementor-widget-wrap elementor-element-populated\">\n\t\t\t\t\t\t<div class=\"elementor-element elementor-element-afbcfd3 hide elementor-widget elementor-widget-text-editor\" data-id=\"afbcfd3\" data-element_type=\"widget\" data-widget_type=\"text-editor.default\">\n\t\t\t\t<div class=\"elementor-widget-container\">\n\t\t\t\t\t\t\t<p>s<\/p>\t\t\t\t\t\t<\/div>\n\t\t\t\t<\/div>\n\t\t\t\t\t<\/div>\n\t\t<\/div>\n\t\t\t\t\t<\/div>\n\t\t<\/section>\n\t\t\t\t\t<\/div>\n\t\t<\/div>\n\t\t\t\t\t<\/div>\n\t\t<\/section>\n\t\t\t\t<section class=\"elementor-section elementor-top-section elementor-element elementor-element-d94e4ab elementor-section-boxed elementor-section-height-default elementor-section-height-default\" data-id=\"d94e4ab\" data-element_type=\"section\">\n\t\t\t\t\t\t<div class=\"elementor-container elementor-column-gap-default\">\n\t\t\t\t\t<div class=\"elementor-column elementor-col-100 elementor-top-column elementor-element elementor-element-5e13a2b\" data-id=\"5e13a2b\" data-element_type=\"column\">\n\t\t\t<div class=\"elementor-widget-wrap elementor-element-populated\">\n\t\t\t\t\t\t<div class=\"elementor-element elementor-element-e997b83 elementor-widget elementor-widget-image\" data-id=\"e997b83\" data-element_type=\"widget\" data-widget_type=\"image.default\">\n\t\t\t\t<div class=\"elementor-widget-container\">\n\t\t\t\t\t\t\t\t\t\t\t\t\t<img fetchpriority=\"high\" decoding=\"async\" width=\"269\" height=\"300\" src=\"https:\/\/grannycall.de\/wp-content\/uploads\/2020\/11\/Logo-Big-269x300.png\" class=\"attachment-medium size-medium wp-image-499\" alt=\"Logo Grannycall\" srcset=\"https:\/\/grannycall.de\/wp-content\/uploads\/2020\/11\/Logo-Big-269x300.png 269w, https:\/\/grannycall.de\/wp-content\/uploads\/2020\/11\/Logo-Big.png 434w\" sizes=\"(max-width: 269px) 100vw, 269px\" \/>\t\t\t\t\t\t\t\t\t\t\t\t\t<\/div>\n\t\t\t\t<\/div>\n\t\t\t\t\t<\/div>\n\t\t<\/div>\n\t\t\t\t\t<\/div>\n\t\t<\/section>\n\t\t\t\t<\/div>\n\t\t","protected":false},"excerpt":{"rendered":"<p>Reserv Reservera din Grannycall Vill du vara en av de f\u00f6rsta att anv\u00e4nda Grannycall? Registrera dig d\u00e5 h\u00e4r utan f\u00f6rpliktelse s\u00e5 meddelar vi dig s\u00e5 snart vi kan skicka en enhet till dig. s<\/p>\n","protected":false},"author":1,"featured_media":0,"parent":0,"menu_order":0,"comment_status":"closed","ping_status":"closed","template":"page-templates\/fullscreen-page.php","meta":{"footnotes":""},"class_list":["post-1018","page","type-page","status-publish","hentry","comments-closed","no-comments"],"aioseo_notices":[],"_links":{"self":[{"href":"https:\/\/grannycall.de\/sv\/wp-json\/wp\/v2\/pages\/1018"}],"collection":[{"href":"https:\/\/grannycall.de\/sv\/wp-json\/wp\/v2\/pages"}],"about":[{"href":"https:\/\/grannycall.de\/sv\/wp-json\/wp\/v2\/types\/page"}],"author":[{"embeddable":true,"href":"https:\/\/grannycall.de\/sv\/wp-json\/wp\/v2\/users\/1"}],"replies":[{"embeddable":true,"href":"https:\/\/grannycall.de\/sv\/wp-json\/wp\/v2\/comments?post=1018"}],"version-history":[{"count":1,"href":"https:\/\/grannycall.de\/sv\/wp-json\/wp\/v2\/pages\/1018\/revisions"}],"predecessor-version":[{"id":1019,"href":"https:\/\/grannycall.de\/sv\/wp-json\/wp\/v2\/pages\/1018\/revisions\/1019"}],"wp:attachment":[{"href":"https:\/\/grannycall.de\/sv\/wp-json\/wp\/v2\/media?parent=1018"}],"curies":[{"name":"wp","href":"https:\/\/api.w.org\/{rel}","templated":true}]}}