{"id":685,"date":"2021-09-15T23:00:11","date_gmt":"2021-09-15T21:00:11","guid":{"rendered":"https:\/\/grannycall.de\/politique-de-confidentialite\/"},"modified":"2022-04-18T18:10:03","modified_gmt":"2022-04-18T16:10:03","slug":"politique-de-confidentialite","status":"publish","type":"page","link":"https:\/\/grannycall.de\/fr\/politique-de-confidentialite\/","title":{"rendered":"Politique de confidentialit\u00e9"},"content":{"rendered":"\t\t<div data-elementor-type=\"wp-page\" data-elementor-id=\"685\" class=\"elementor elementor-685 elementor-3\">\n\t\t\t\t\t\t<section class=\"elementor-section elementor-top-section elementor-element elementor-element-617d7a9f elementor-section-boxed elementor-section-height-default elementor-section-height-default\" data-id=\"617d7a9f\" data-element_type=\"section\">\n\t\t\t\t\t\t<div class=\"elementor-container elementor-column-gap-default\">\n\t\t\t\t\t<div class=\"elementor-column elementor-col-100 elementor-top-column elementor-element elementor-element-50e53fc0\" data-id=\"50e53fc0\" data-element_type=\"column\">\n\t\t\t<div class=\"elementor-widget-wrap elementor-element-populated\">\n\t\t\t\t\t\t<div class=\"elementor-element elementor-element-dfe784d elementor-widget elementor-widget-wp-widget-pukeko-pagetitle-widget\" data-id=\"dfe784d\" data-element_type=\"widget\" data-widget_type=\"pukeko-seitentitel.default\">\n\t\t\t\t<div class=\"elementor-widget-container\">\n\t\t\t\t <div class=\"pukeko-pagetitle-wrap center\">\n\t\t\t\t <span class=\"pagetitle-subtitle\"><\/span>\n\t\t \t\t\t <h1 class=\"section-title\">Politique de confidentialit\u00e9<\/h1>\n                                         <p>\u00a0\u00a0<\/p>\n\t <\/div>\t\t<\/div>\n\t\t\t\t<\/div>\n\t\t\t\t<div class=\"elementor-element elementor-element-28011b10 elementor-widget elementor-widget-text-editor\" data-id=\"28011b10\" data-element_type=\"widget\" data-widget_type=\"text-editor.default\">\n\t\t\t\t<div class=\"elementor-widget-container\">\n\t\t\t\t\t\t\tLes donn\u00e9es \u00e0 caract\u00e8re personnel (ci-apr\u00e8s d\u00e9nomm\u00e9es \u00ab\u00a0donn\u00e9es\u00a0\u00bb) sont trait\u00e9es par nos soins uniquement dans la mesure o\u00f9 cela est n\u00e9cessaire et dans le but de fournir un site web fonctionnel et convivial, y compris son contenu et les services qui y sont propos\u00e9s.<br>\r\n<br>\r\nLes donn\u00e9es \u00e0 caract\u00e8re personnel (ci-apr\u00e8s d\u00e9nomm\u00e9es \u00ab\u00a0donn\u00e9es\u00a0\u00bb) sont trait\u00e9es par nos soins uniquement dans la mesure o\u00f9 cela est n\u00e9cessaire et dans le but de fournir un site web fonctionnel et convivial, y compris son contenu et les services qui y sont propos\u00e9s.<br>\r\n<br>\r\nAvec la d\u00e9claration de protection des donn\u00e9es suivante, nous vous informons en particulier sur le type, la port\u00e9e, la finalit\u00e9, la dur\u00e9e et la base juridique du traitement des donn\u00e9es personnelles, dans la mesure o\u00f9 nous d\u00e9cidons seuls ou conjointement avec d&rsquo;autres des finalit\u00e9s et des moyens du traitement. En outre, nous vous informons ci-dessous sur les composants tiers que nous utilisons \u00e0 des fins d&rsquo;optimisation et pour augmenter la qualit\u00e9 d&rsquo;utilisation, dans la mesure o\u00f9 les tiers traitent les donn\u00e9es sous leur propre responsabilit\u00e9.<br>\r\n<br>\r\nNotre politique de confidentialit\u00e9 est structur\u00e9e comme suit :<br>\r\n<br>\r\nI. Informations sur nous en tant que partie responsable<br>\r\nII. Droits des utilisateurs et des personnes concern\u00e9es<br>\r\nIII. Informations sur le traitement des donn\u00e9es<br>\r\n<h3>I. Informations sur nous en tant que partie responsable<\/h3>\r\nLe fournisseur responsable de ce site web au regard de la loi sur la protection des donn\u00e9es est:<br>\r\n<br>\r\nGrannycall UG (haftungsbeschr\u00e4nkt)<br>\r\nKrusekoppel 1<br>\r\n24306 Pl\u00f6n<br>\r\n<br>\r\nCourrier: info@grannycall.de<br>\r\nT\u00e9l.: +49 4522\/784796-0<br>\r\n<h3>II. droits des utilisateurs et des personnes concern\u00e9es<\/h3>\r\nEn ce qui concerne le traitement des donn\u00e9es d\u00e9crit plus en d\u00e9tail ci-dessous, les utilisateurs et les personnes concern\u00e9es ont le droit de<br>\r\n<ul>\r\n \t<li><p>la confirmation que des donn\u00e9es les concernant sont trait\u00e9es, des informations sur les donn\u00e9es trait\u00e9es, des informations compl\u00e9mentaires sur le traitement des donn\u00e9es et des copies des donn\u00e9es (cf. \u00e9galement l&rsquo;article 15 du GDPR) ;<\/p><\/li>\r\n \t<li><p>rectifier ou compl\u00e9ter les donn\u00e9es inexactes ou incompl\u00e8tes (voir \u00e9galement l&rsquo;article 16 du GDPR) ;<\/p><\/li>\r\n \t<li><p>l&rsquo;effacement imm\u00e9diat des donn\u00e9es les concernant (cf. \u00e9galement l&rsquo;article 17 du GDPR), ou, alternativement, dans la mesure o\u00f9 la poursuite du traitement est n\u00e9cessaire conform\u00e9ment \u00e0 l&rsquo;article 17, paragraphe 3, du GDPR, la limitation du traitement conform\u00e9ment \u00e0 l&rsquo;article 18 du GDPR ;<\/p><\/li>\r\n \t<li><p>de recevoir les donn\u00e9es les concernant et fournies par eux et de transf\u00e9rer ces donn\u00e9es \u00e0 d&rsquo;autres prestataires\/contr\u00f4leurs (cf. \u00e9galement art. 20 DSGVO) ;<\/p><\/li>\r\n \t<li><p>d&rsquo;introduire une plainte aupr\u00e8s de l&rsquo;autorit\u00e9 de contr\u00f4le s&rsquo;ils estiment que les donn\u00e9es les concernant sont trait\u00e9es par le prestataire en violation des dispositions relatives \u00e0 la protection des donn\u00e9es (cf. \u00e9galement l&rsquo;article 77 du RGPD).<\/p><\/li>\r\n<\/ul>\r\nEn outre, le fournisseur est tenu d&rsquo;informer tous les destinataires auxquels les donn\u00e9es ont \u00e9t\u00e9 communiqu\u00e9es par le fournisseur de toute correction ou suppression de donn\u00e9es ou restriction du traitement qui a lieu sur la base des articles 16, 17 (1), 18 DSGVO. Toutefois, cette obligation ne s&rsquo;applique pas si cette notification est impossible ou implique un effort disproportionn\u00e9. Nonobstant ce qui pr\u00e9c\u00e8de, l&rsquo;utilisateur a le droit d&rsquo;obtenir des informations sur ces destinataires.<br>\r\n<br>\r\n<strong>De m\u00eame, les utilisateurs et les personnes concern\u00e9es ont le droit de s&rsquo;opposer au traitement futur des donn\u00e9es les concernant conform\u00e9ment \u00e0 l&rsquo;article 21 DSGVO, dans la mesure o\u00f9 les donn\u00e9es sont trait\u00e9es par le prestataire conform\u00e9ment \u00e0 l&rsquo;article 6 alin\u00e9a 1 lit. f) DSGVO. En particulier, il est possible de s&rsquo;opposer au traitement des donn\u00e9es \u00e0 des fins de publicit\u00e9 directe.<\/strong><br>\r\n<h3>III. Informations sur le traitement des donn\u00e9es<\/h3><br>\r\nVos donn\u00e9es trait\u00e9es lors de l&rsquo;utilisation de notre site web seront supprim\u00e9es ou bloqu\u00e9es d\u00e8s que la finalit\u00e9 du stockage n&rsquo;aura plus lieu d&rsquo;\u00eatre, que la suppression des donn\u00e9es ne sera pas en contradiction avec les obligations l\u00e9gales de conservation et qu&rsquo;aucune autre information ne sera fournie ci-dessous sur les proc\u00e9dures de traitement individuelles.\t\t\t\t\t\t<\/div>\n\t\t\t\t<\/div>\n\t\t\t\t\t<\/div>\n\t\t<\/div>\n\t\t\t\t\t<\/div>\n\t\t<\/section>\n\t\t\t\t<\/div>\n\t\t","protected":false},"excerpt":{"rendered":"<p>Politique de confidentialit\u00e9 \u00a0\u00a0 Les donn\u00e9es \u00e0 caract\u00e8re personnel (ci-apr\u00e8s d\u00e9nomm\u00e9es \u00ab\u00a0donn\u00e9es\u00a0\u00bb) sont trait\u00e9es par nos soins uniquement dans la mesure o\u00f9 cela est n\u00e9cessaire et dans le but de fournir un site web fonctionnel et convivial, y compris son contenu et les services qui y sont propos\u00e9s. Les donn\u00e9es \u00e0 caract\u00e8re personnel (ci-apr\u00e8s d\u00e9nomm\u00e9es&hellip;<\/p>\n","protected":false},"author":2,"featured_media":0,"parent":0,"menu_order":0,"comment_status":"closed","ping_status":"open","template":"page-templates\/fullwidth-page.php","meta":{"footnotes":""},"class_list":["post-685","page","type-page","status-publish","hentry","comments-closed","no-comments"],"aioseo_notices":[],"_links":{"self":[{"href":"https:\/\/grannycall.de\/fr\/wp-json\/wp\/v2\/pages\/685"}],"collection":[{"href":"https:\/\/grannycall.de\/fr\/wp-json\/wp\/v2\/pages"}],"about":[{"href":"https:\/\/grannycall.de\/fr\/wp-json\/wp\/v2\/types\/page"}],"author":[{"embeddable":true,"href":"https:\/\/grannycall.de\/fr\/wp-json\/wp\/v2\/users\/2"}],"replies":[{"embeddable":true,"href":"https:\/\/grannycall.de\/fr\/wp-json\/wp\/v2\/comments?post=685"}],"version-history":[{"count":4,"href":"https:\/\/grannycall.de\/fr\/wp-json\/wp\/v2\/pages\/685\/revisions"}],"predecessor-version":[{"id":1151,"href":"https:\/\/grannycall.de\/fr\/wp-json\/wp\/v2\/pages\/685\/revisions\/1151"}],"wp:attachment":[{"href":"https:\/\/grannycall.de\/fr\/wp-json\/wp\/v2\/media?parent=685"}],"curies":[{"name":"wp","href":"https:\/\/api.w.org\/{rel}","templated":true}]}}