{"id":665,"date":"2021-09-15T22:44:11","date_gmt":"2021-09-15T20:44:11","guid":{"rendered":"https:\/\/grannycall.de\/impressum\/"},"modified":"2024-08-26T18:58:01","modified_gmt":"2024-08-26T16:58:01","slug":"mentions_legales","status":"publish","type":"page","link":"https:\/\/grannycall.de\/fr\/mentions_legales\/","title":{"rendered":"Mentions l\u00e9gales"},"content":{"rendered":"\t\t<div data-elementor-type=\"wp-page\" data-elementor-id=\"665\" class=\"elementor elementor-665 elementor-84\">\n\t\t\t\t\t\t<section class=\"elementor-section elementor-top-section elementor-element elementor-element-3baf8848 elementor-section-boxed elementor-section-height-default elementor-section-height-default\" data-id=\"3baf8848\" data-element_type=\"section\">\n\t\t\t\t\t\t<div class=\"elementor-container elementor-column-gap-default\">\n\t\t\t\t\t<div class=\"elementor-column elementor-col-100 elementor-top-column elementor-element elementor-element-7b3903e6\" data-id=\"7b3903e6\" data-element_type=\"column\">\n\t\t\t<div class=\"elementor-widget-wrap elementor-element-populated\">\n\t\t\t\t\t\t<div class=\"elementor-element elementor-element-14f960c elementor-widget elementor-widget-wp-widget-pukeko-pagetitle-widget\" data-id=\"14f960c\" data-element_type=\"widget\" data-widget_type=\"pukeko-seitentitel.default\">\n\t\t\t\t<div class=\"elementor-widget-container\">\n\t\t\t\t <div class=\"pukeko-pagetitle-wrap center\">\n\t\t\t\t <span class=\"pagetitle-subtitle\"><\/span>\n\t\t \t\t\t <h1 class=\"section-title\">Mentions l\u00e9gales<\/h1>\n                                         <p>\u00a0&nbsp;<\/p>\n\t <\/div>\t\t<\/div>\n\t\t\t\t<\/div>\n\t\t\t\t<div class=\"elementor-element elementor-element-2015761e elementor-widget elementor-widget-text-editor\" data-id=\"2015761e\" data-element_type=\"widget\" data-widget_type=\"text-editor.default\">\n\t\t\t\t<div class=\"elementor-widget-container\">\n\t\t\t\t\t\t\t<p><strong>Informations selon le \u00a7 5 TMG<\/strong><br \/>Grannycall UG (haftungsbeschr\u00e4nkt)<br \/>Krusekoppel 1<br \/>24306 Pl\u00f6n<br \/><br \/>Adresse email : <a href=\"mailto:info@grannycall.de\">info@grannycall.de<\/a><br \/>T\u00e9l\u00e9phone : +49 4522\/784796-0<\/p><p><strong>Associ\u00e9 g\u00e9rant (habilit\u00e9 \u00e0 repr\u00e9senter)<\/strong><br \/><strong><img decoding=\"async\" class=\"alignnone wp-image-1197\" src=\"https:\/\/grannycall.de\/wp-content\/uploads\/2024\/08\/MBrix.png\" alt=\"M. Brix\" width=\"72\" height=\"15\" \/><\/strong><\/p><p><strong>Inscription au registre du commerce<br \/><\/strong><br \/><br \/>Amtsgericht Kiel, HRB 22599 KI<\/p><p><strong>Num\u00e9ro d&rsquo;identification de la taxe de vente conform\u00e9ment au \u00a7 27a UStG<br \/><\/strong><br \/>DE342639575<\/p><p><strong>Plateforme de la Commission europ\u00e9enne pour le r\u00e8glement en ligne des litiges<br \/><\/strong><\/p><p>La Commission europ\u00e9enne met \u00e0 disposition une plateforme de r\u00e9solution en ligne des litiges (ODR) :<br \/><a href=\"https:\/\/ec.europa.eu\/consumers\/odr\/\">ec.europa.eu\/consumers\/odr\/<\/a><\/p>\t\t\t\t\t\t<\/div>\n\t\t\t\t<\/div>\n\t\t\t\t\t<\/div>\n\t\t<\/div>\n\t\t\t\t\t<\/div>\n\t\t<\/section>\n\t\t\t\t<\/div>\n\t\t","protected":false},"excerpt":{"rendered":"<p>Mentions l\u00e9gales \u00a0&nbsp; Informations selon le \u00a7 5 TMGGrannycall UG (haftungsbeschr\u00e4nkt)Krusekoppel 124306 Pl\u00f6n Adresse email : info@grannycall.deT\u00e9l\u00e9phone : +49 4522\/784796-0 Associ\u00e9 g\u00e9rant (habilit\u00e9 \u00e0 repr\u00e9senter) Inscription au registre du commerce Amtsgericht Kiel, HRB 22599 KI Num\u00e9ro d&rsquo;identification de la taxe de vente conform\u00e9ment au \u00a7 27a UStGDE342639575 Plateforme de la Commission europ\u00e9enne pour le r\u00e8glement&hellip;<\/p>\n","protected":false},"author":2,"featured_media":0,"parent":0,"menu_order":0,"comment_status":"closed","ping_status":"closed","template":"page-templates\/fullwidth-notitle-page.php","meta":{"footnotes":""},"class_list":["post-665","page","type-page","status-publish","hentry","comments-closed","no-comments"],"aioseo_notices":[],"_links":{"self":[{"href":"https:\/\/grannycall.de\/fr\/wp-json\/wp\/v2\/pages\/665"}],"collection":[{"href":"https:\/\/grannycall.de\/fr\/wp-json\/wp\/v2\/pages"}],"about":[{"href":"https:\/\/grannycall.de\/fr\/wp-json\/wp\/v2\/types\/page"}],"author":[{"embeddable":true,"href":"https:\/\/grannycall.de\/fr\/wp-json\/wp\/v2\/users\/2"}],"replies":[{"embeddable":true,"href":"https:\/\/grannycall.de\/fr\/wp-json\/wp\/v2\/comments?post=665"}],"version-history":[{"count":12,"href":"https:\/\/grannycall.de\/fr\/wp-json\/wp\/v2\/pages\/665\/revisions"}],"predecessor-version":[{"id":1212,"href":"https:\/\/grannycall.de\/fr\/wp-json\/wp\/v2\/pages\/665\/revisions\/1212"}],"wp:attachment":[{"href":"https:\/\/grannycall.de\/fr\/wp-json\/wp\/v2\/media?parent=665"}],"curies":[{"name":"wp","href":"https:\/\/api.w.org\/{rel}","templated":true}]}}