{"id":663,"date":"2021-09-15T22:42:49","date_gmt":"2021-09-15T20:42:49","guid":{"rendered":"https:\/\/grannycall.de\/page-daccueil\/"},"modified":"2022-04-11T01:32:22","modified_gmt":"2022-04-10T23:32:22","slug":"page-daccueil","status":"publish","type":"page","link":"https:\/\/grannycall.de\/fr\/","title":{"rendered":"Page d&rsquo;accueil"},"content":{"rendered":"\t\t<div data-elementor-type=\"wp-page\" data-elementor-id=\"663\" class=\"elementor elementor-663 elementor-21\">\n\t\t\t\t\t\t<section class=\"elementor-section elementor-top-section elementor-element elementor-element-55abebbe elementor-section-boxed elementor-section-height-default elementor-section-height-default\" data-id=\"55abebbe\" data-element_type=\"section\">\n\t\t\t\t\t\t<div class=\"elementor-container elementor-column-gap-default\">\n\t\t\t\t\t<div class=\"elementor-column elementor-col-100 elementor-top-column elementor-element elementor-element-23c9ec48\" data-id=\"23c9ec48\" data-element_type=\"column\">\n\t\t\t<div class=\"elementor-widget-wrap elementor-element-populated\">\n\t\t\t\t\t\t<div class=\"elementor-element elementor-element-064a50c elementor-widget elementor-widget-menu-anchor\" data-id=\"064a50c\" data-element_type=\"widget\" data-widget_type=\"menu-anchor.default\">\n\t\t\t\t<div class=\"elementor-widget-container\">\n\t\t\t\t\t<div class=\"elementor-menu-anchor\" id=\"mehr-erfahren\"><\/div>\n\t\t\t\t<\/div>\n\t\t\t\t<\/div>\n\t\t\t\t<div class=\"elementor-element elementor-element-ef047c1 elementor-widget elementor-widget-wp-widget-pukeko-product-widget\" data-id=\"ef047c1\" data-element_type=\"widget\" data-widget_type=\"pukeko-produkt.default\">\n\t\t\t\t<div class=\"elementor-widget-container\">\n\t\t\t<div class=\"pukeko-product-wrap fullwidth left\">\n\n\t\t\t\t<div class=\"product-img-wrap\">\n\t\t\t<img decoding=\"async\" src=\"https:\/\/grannycall.de\/wp-content\/uploads\/2020\/11\/Video_square.jpg\" alt=\"\" class=\"product-img\">\n\t\t<\/div>\n\t\t\n\t\t<div class=\"product-content-wrap\">\n\n\t\t\t<div class=\"product-content\">\n\t\t\t\t\t\t\t<span class=\"product-subtitle\"><\/span>\n\t\t\t\n\t\t\t\t\t\t\t<h3 class=\"section-title\">Que diriez-vous si vous n'aviez \u00e0 appuyer que sur un seul bouton... ?<\/h3>\n\t\t\t\n                            <p>Grannycall permet de vid\u00e9ot\u00e9l\u00e9phoner m\u00eame avec la t\u00e9l\u00e9, id\u00e9al par exemple pour les personnes \u00e2g\u00e9es. Pour beaucoup de gens, les \u00e9volutions techniques sont trop rapides et ing\u00e9rables; nous compenons cela. <br \/>\r\nDe plus, actuellement - notamment pendant les restrictions Corona - les s\u00e9parations spatiales s'agrandissent au lieu de se r\u00e9duire et cela rend l'interaction personnelle difficile. Grannycall vous permet de voir vos proches, de parler avec eux et de rire ensemble - votre partenaire de dialogue n'a besoin que d'un poste de t\u00e9l\u00e9vision pour cela.<br \/>\r\n<\/p>\t\n                            \n                            <a class=\"product-btn btn btn-m btn-outlined\" href=\"https:\/\/grannycall.de\/fr\/reserver\">R\u00e9server<\/a>\n\t\t\t\n\t\t\t<\/div>\n\t\t<\/div>\n\t<\/div>\t\t<\/div>\n\t\t\t\t<\/div>\n\t\t\t\t<div class=\"elementor-element elementor-element-93a8d24 elementor-widget elementor-widget-wp-widget-pukeko-product-widget\" data-id=\"93a8d24\" data-element_type=\"widget\" data-widget_type=\"pukeko-produkt.default\">\n\t\t\t\t<div class=\"elementor-widget-container\">\n\t\t\t<div class=\"pukeko-product-wrap fullwidth right\">\n\n\t\t\t\t<div class=\"product-img-wrap\">\n\t\t\t<img decoding=\"async\" src=\"https:\/\/grannycall.de\/wp-content\/uploads\/2020\/11\/Grannycall_Infografik.png\" alt=\"\" class=\"product-img\">\n\t\t<\/div>\n\t\t\n\t\t<div class=\"product-content-wrap\">\n\n\t\t\t<div class=\"product-content\">\n\t\t\t\t\t\t\t<span class=\"product-subtitle\"><\/span>\n\t\t\t\n\t\t\t\t\t\t\t<h3 class=\"section-title\">Comment cela fonctionne-t-il ?<\/h3>\n\t\t\t\n                            <p>Il suffit de connecter l\u2019appareil Grannycall \u00e0 votre t\u00e9l\u00e9viseur et de brancher la cam\u00e9ra HD fournie en haut de l'\u00e9cran de t\u00e9l\u00e9vision. Apr\u00e8s cette configuration unique, vous pouvez appeler vos proches en appuyant sur un bouton, bien s\u00fbr avec l\u2019image de votre partenaire. Si la personne appel\u00e9e ne dispose pas de son propre Grannycall, elle peut utiliser l'application pour smartphone ou tablette \u00e0 la place.<br \/>\r\nBien s\u00fbr, vous pouvez aussi \u00eatre appel\u00e9. Grannycall allume automatiquement votre t\u00e9l\u00e9vision sur le bon canal, de sorte que vous pouvez \u00e9galement r\u00e9pondre \u00e0 l'appel avec un seul bouton.<br \/>\r\n<\/p>\t\n                            \n                            <a class=\"product-btn btn btn-m btn-outlined\" href=\"https:\/\/grannycall.de\/fr\/questions-et-reponses\/\">En savoir plus<\/a>\n\t\t\t\n\t\t\t<\/div>\n\t\t<\/div>\n\t<\/div>\t\t<\/div>\n\t\t\t\t<\/div>\n\t\t\t\t\t<\/div>\n\t\t<\/div>\n\t\t\t\t\t<\/div>\n\t\t<\/section>\n\t\t\t\t<section class=\"elementor-section elementor-top-section elementor-element elementor-element-9334208 elementor-section-boxed elementor-section-height-default elementor-section-height-default\" data-id=\"9334208\" data-element_type=\"section\">\n\t\t\t\t\t\t<div class=\"elementor-container elementor-column-gap-default\">\n\t\t\t\t\t<div class=\"elementor-column elementor-col-100 elementor-top-column elementor-element elementor-element-4c4de7af\" data-id=\"4c4de7af\" data-element_type=\"column\">\n\t\t\t<div class=\"elementor-widget-wrap elementor-element-populated\">\n\t\t\t\t\t\t<div class=\"elementor-element elementor-element-7a44979 elementor-widget elementor-widget-wp-widget-pukeko-product-widget\" data-id=\"7a44979\" data-element_type=\"widget\" data-widget_type=\"pukeko-produkt.default\">\n\t\t\t\t<div class=\"elementor-widget-container\">\n\t\t\t<div class=\"pukeko-product-wrap fullwidth left\">\n\n\t\t\t\t<div class=\"product-img-wrap\">\n\t\t\t<img decoding=\"async\" src=\"https:\/\/grannycall.de\/wp-content\/uploads\/2020\/11\/Opa_square.jpg\" alt=\"\" class=\"product-img\">\n\t\t<\/div>\n\t\t\n\t\t<div class=\"product-content-wrap\">\n\n\t\t\t<div class=\"product-content\">\n\t\t\t\t\t\t\t<span class=\"product-subtitle\"><\/span>\n\t\t\t\n\t\t\t\t\t\t\t<h3 class=\"section-title\">Montrer des photos... plus facilement que jamais !<\/h3>\n\t\t\t\n                            <p>Si vous utilisez l'application Grannycall sur votre smartphone ou votre tablette, vous pouvez \u00e9galement montrer les photos de votre appareil pendant l'appel. Par exemple, vous pouvez montrer aux grands-parents les photos de vacances de leurs petits-enfants, m\u00eame si une visite personnelle n'est pas possible pour le moment.<\/p>\t\n                            \n                            <a class=\"product-btn btn btn-m btn-outlined\" href=\"https:\/\/grannycall.de\/fr\/lapplication-en-detail\/\">L'application en d\u00e9tail<\/a>\n\t\t\t\n\t\t\t<\/div>\n\t\t<\/div>\n\t<\/div>\t\t<\/div>\n\t\t\t\t<\/div>\n\t\t\t\t\t<\/div>\n\t\t<\/div>\n\t\t\t\t\t<\/div>\n\t\t<\/section>\n\t\t\t\t<section class=\"elementor-section elementor-top-section elementor-element elementor-element-098c85c elementor-section-boxed elementor-section-height-default elementor-section-height-default\" data-id=\"098c85c\" data-element_type=\"section\">\n\t\t\t\t\t\t<div class=\"elementor-container elementor-column-gap-default\">\n\t\t\t\t\t<div class=\"elementor-column elementor-col-100 elementor-top-column elementor-element elementor-element-a84a7a1\" data-id=\"a84a7a1\" data-element_type=\"column\">\n\t\t\t<div class=\"elementor-widget-wrap elementor-element-populated\">\n\t\t\t\t\t\t<div class=\"elementor-element elementor-element-e3b63c2 elementor-widget elementor-widget-image\" data-id=\"e3b63c2\" data-element_type=\"widget\" data-widget_type=\"image.default\">\n\t\t\t\t<div class=\"elementor-widget-container\">\n\t\t\t\t\t\t\t\t\t\t\t\t\t<img fetchpriority=\"high\" decoding=\"async\" width=\"269\" height=\"300\" src=\"https:\/\/grannycall.de\/wp-content\/uploads\/2020\/11\/Logo-Big-269x300.png\" class=\"attachment-medium size-medium wp-image-498\" alt=\"Logo Grannycall\" srcset=\"https:\/\/grannycall.de\/wp-content\/uploads\/2020\/11\/Logo-Big-269x300.png 269w, https:\/\/grannycall.de\/wp-content\/uploads\/2020\/11\/Logo-Big.png 434w\" sizes=\"(max-width: 269px) 100vw, 269px\" \/>\t\t\t\t\t\t\t\t\t\t\t\t\t<\/div>\n\t\t\t\t<\/div>\n\t\t\t\t\t<\/div>\n\t\t<\/div>\n\t\t\t\t\t<\/div>\n\t\t<\/section>\n\t\t\t\t<\/div>\n\t\t","protected":false},"excerpt":{"rendered":"<p>Que diriez-vous si vous n&rsquo;aviez \u00e0 appuyer que sur un seul bouton&#8230; ? Grannycall permet de vid\u00e9ot\u00e9l\u00e9phoner m\u00eame avec la t\u00e9l\u00e9, id\u00e9al par exemple pour les personnes \u00e2g\u00e9es. Pour beaucoup de gens, les \u00e9volutions techniques sont trop rapides et ing\u00e9rables; nous compenons cela. De plus, actuellement &#8211; notamment pendant les restrictions Corona &#8211; les s\u00e9parations&hellip;<\/p>\n","protected":false},"author":2,"featured_media":0,"parent":0,"menu_order":0,"comment_status":"closed","ping_status":"closed","template":"page-templates\/fullscreen-page.php","meta":{"footnotes":""},"class_list":["post-663","page","type-page","status-publish","hentry","comments-closed","no-comments"],"aioseo_notices":[],"_links":{"self":[{"href":"https:\/\/grannycall.de\/fr\/wp-json\/wp\/v2\/pages\/663"}],"collection":[{"href":"https:\/\/grannycall.de\/fr\/wp-json\/wp\/v2\/pages"}],"about":[{"href":"https:\/\/grannycall.de\/fr\/wp-json\/wp\/v2\/types\/page"}],"author":[{"embeddable":true,"href":"https:\/\/grannycall.de\/fr\/wp-json\/wp\/v2\/users\/2"}],"replies":[{"embeddable":true,"href":"https:\/\/grannycall.de\/fr\/wp-json\/wp\/v2\/comments?post=663"}],"version-history":[{"count":7,"href":"https:\/\/grannycall.de\/fr\/wp-json\/wp\/v2\/pages\/663\/revisions"}],"predecessor-version":[{"id":1048,"href":"https:\/\/grannycall.de\/fr\/wp-json\/wp\/v2\/pages\/663\/revisions\/1048"}],"wp:attachment":[{"href":"https:\/\/grannycall.de\/fr\/wp-json\/wp\/v2\/media?parent=663"}],"curies":[{"name":"wp","href":"https:\/\/api.w.org\/{rel}","templated":true}]}}