{"id":660,"date":"2021-09-15T22:38:31","date_gmt":"2021-09-15T20:38:31","guid":{"rendered":"https:\/\/grannycall.de\/lapplication-en-detail\/"},"modified":"2022-04-10T23:37:03","modified_gmt":"2022-04-10T21:37:03","slug":"lapplication-en-detail","status":"publish","type":"page","link":"https:\/\/grannycall.de\/fr\/lapplication-en-detail\/","title":{"rendered":"L&rsquo;application en d\u00e9tail"},"content":{"rendered":"\t\t<div data-elementor-type=\"wp-page\" data-elementor-id=\"660\" class=\"elementor elementor-660 elementor-258\">\n\t\t\t\t\t\t<section class=\"elementor-section elementor-top-section elementor-element elementor-element-8c271fa elementor-section-boxed elementor-section-height-default elementor-section-height-default\" data-id=\"8c271fa\" data-element_type=\"section\">\n\t\t\t\t\t\t<div class=\"elementor-container elementor-column-gap-default\">\n\t\t\t\t\t<div class=\"elementor-column elementor-col-100 elementor-top-column elementor-element elementor-element-3026467\" data-id=\"3026467\" data-element_type=\"column\">\n\t\t\t<div class=\"elementor-widget-wrap elementor-element-populated\">\n\t\t\t\t\t\t<div class=\"elementor-element elementor-element-9a73b02 tencol-width elementor-widget elementor-widget-wp-widget-pukeko-pagetitle-widget\" data-id=\"9a73b02\" data-element_type=\"widget\" data-widget_type=\"pukeko-seitentitel.default\">\n\t\t\t\t<div class=\"elementor-widget-container\">\n\t\t\t\t <div class=\"pukeko-pagetitle-wrap center\">\n\t\t\t\t <span class=\"pagetitle-subtitle\">VUE D'ENSEMBLE<\/span>\n\t\t \t\t\t <h1 class=\"section-title\">La Grannycall peut le faire:<\/h1>\n                                         \n\t <\/div>\t\t<\/div>\n\t\t\t\t<\/div>\n\t\t\t\t\t<\/div>\n\t\t<\/div>\n\t\t\t\t\t<\/div>\n\t\t<\/section>\n\t\t\t\t<section class=\"elementor-section elementor-top-section elementor-element elementor-element-8efd676 elementor-section-boxed elementor-section-height-default elementor-section-height-default\" data-id=\"8efd676\" data-element_type=\"section\">\n\t\t\t\t\t\t<div class=\"elementor-container elementor-column-gap-default\">\n\t\t\t\t\t<div class=\"elementor-column elementor-col-100 elementor-top-column elementor-element elementor-element-2d8cbfc\" data-id=\"2d8cbfc\" data-element_type=\"column\">\n\t\t\t<div class=\"elementor-widget-wrap elementor-element-populated\">\n\t\t\t\t\t\t<div class=\"elementor-element elementor-element-62a2109 elementor-widget elementor-widget-wp-widget-pukeko-product-widget\" data-id=\"62a2109\" data-element_type=\"widget\" data-widget_type=\"pukeko-produkt.default\">\n\t\t\t\t<div class=\"elementor-widget-container\">\n\t\t\t<div class=\"pukeko-product-wrap fullwidth left\">\n\n\t\t\t\t<div class=\"product-img-wrap\">\n\t\t\t<img decoding=\"async\" src=\"https:\/\/grannycall.de\/wp-content\/uploads\/2021\/04\/Grannycall-Fotos.jpg\" alt=\"\" class=\"product-img\">\n\t\t<\/div>\n\t\t\n\t\t<div class=\"product-content-wrap\">\n\n\t\t\t<div class=\"product-content\">\n\t\t\t\t\t\t\t<span class=\"product-subtitle\">MONTRER DES PHOTOS<\/span>\n\t\t\t\n\t\t\t\t\t\t\t<h3 class=\"section-title\">Montrer des photos... plus facilement que jamais !<\/h3>\n\t\t\t\n                            <p>Si vous utilisez l'application de Grannycall sur votre smartphone ou votre tablette, vous pouvez \u00e9galement montrer les photos de votre appareil pendant l'appel t\u00e9l\u00e9phonique. Celles-ci apparaissent ensuite de l'autre c\u00f4t\u00e9 en plein format sur la t\u00e9l\u00e9., Vous pouvez par exemple montrer aux grands-parents les photos de vacances de leurs petits-enfants, m\u00eame si une visite personnelle n'est pas possible pour le moment.<\/p>\t\n                            \n                            \n\t\t\t\n\t\t\t<\/div>\n\t\t<\/div>\n\t<\/div>\t\t<\/div>\n\t\t\t\t<\/div>\n\t\t\t\t\t<\/div>\n\t\t<\/div>\n\t\t\t\t\t<\/div>\n\t\t<\/section>\n\t\t\t\t<section class=\"elementor-section elementor-top-section elementor-element elementor-element-a0139ea elementor-section-boxed elementor-section-height-default elementor-section-height-default\" data-id=\"a0139ea\" data-element_type=\"section\">\n\t\t\t\t\t\t<div class=\"elementor-container elementor-column-gap-default\">\n\t\t\t\t\t<div class=\"elementor-column elementor-col-100 elementor-top-column elementor-element elementor-element-777c787\" data-id=\"777c787\" data-element_type=\"column\">\n\t\t\t<div class=\"elementor-widget-wrap elementor-element-populated\">\n\t\t\t\t\t\t<div class=\"elementor-element elementor-element-42a6569 elementor-widget elementor-widget-wp-widget-pukeko-product-widget\" data-id=\"42a6569\" data-element_type=\"widget\" data-widget_type=\"pukeko-produkt.default\">\n\t\t\t\t<div class=\"elementor-widget-container\">\n\t\t\t<div class=\"pukeko-product-wrap fullwidth right\">\n\n\t\t\t\t<div class=\"product-img-wrap\">\n\t\t\t<img decoding=\"async\" src=\"https:\/\/grannycall.de\/wp-content\/uploads\/2021\/04\/Grannycall-Kontakte.jpg\" alt=\"\" class=\"product-img\">\n\t\t<\/div>\n\t\t\n\t\t<div class=\"product-content-wrap\">\n\n\t\t\t<div class=\"product-content\">\n\t\t\t\t\t\t\t<span class=\"product-subtitle\">L'APP<\/span>\n\t\t\t\n\t\t\t\t\t\t\t<h3 class=\"section-title\">Facile \u00e0 utiliser et toujours avec vous<\/h3>\n\t\t\t\n                            <p>Gr\u00e2ce \u00e0 notre application, vous pouvez passer des appels vid\u00e9ot\u00e9l\u00e9phoniques \u00e0 tout moment et m\u00eame si vous \u00eates en route, sans poss\u00e9der un deuxi\u00e8me appareil Grannycall. Pour ce faire, il suffit de taper sur le nom de la personne que vous souhaitez appeler.<br \/>\r\nBien entendu, vous pouvez \u00e9galement \u00eatre appel\u00e9 sur votre smartphone ou votre tablette avec l'application install\u00e9e.<br \/>\r\n<\/p>\t\n                            \n                            \n\t\t\t\n\t\t\t<\/div>\n\t\t<\/div>\n\t<\/div>\t\t<\/div>\n\t\t\t\t<\/div>\n\t\t\t\t\t<\/div>\n\t\t<\/div>\n\t\t\t\t\t<\/div>\n\t\t<\/section>\n\t\t\t\t<section class=\"elementor-section elementor-top-section elementor-element elementor-element-1a36cc1 elementor-section-boxed elementor-section-height-default elementor-section-height-default\" data-id=\"1a36cc1\" data-element_type=\"section\">\n\t\t\t\t\t\t<div class=\"elementor-container elementor-column-gap-default\">\n\t\t\t\t\t<div class=\"elementor-column elementor-col-100 elementor-top-column elementor-element elementor-element-80556a1\" data-id=\"80556a1\" data-element_type=\"column\">\n\t\t\t<div class=\"elementor-widget-wrap elementor-element-populated\">\n\t\t\t\t\t\t<div class=\"elementor-element elementor-element-5709a2b elementor-widget elementor-widget-wp-widget-pukeko-product-widget\" data-id=\"5709a2b\" data-element_type=\"widget\" data-widget_type=\"pukeko-produkt.default\">\n\t\t\t\t<div class=\"elementor-widget-container\">\n\t\t\t<div class=\"pukeko-product-wrap fullwidth left\">\n\n\t\t\t\t<div class=\"product-img-wrap\">\n\t\t\t<img decoding=\"async\" src=\"https:\/\/grannycall.de\/wp-content\/uploads\/2021\/04\/Grannycall-Mediathek.jpg\" alt=\"\" class=\"product-img\">\n\t\t<\/div>\n\t\t\n\t\t<div class=\"product-content-wrap\">\n\n\t\t\t<div class=\"product-content\">\n\t\t\t\t\t\t\t<span class=\"product-subtitle\">MEDIATHEQUES<\/span>\n\t\t\t\n\t\t\t\t\t\t\t<h3 class=\"section-title\">Acc\u00e8s aux m\u00e9diath\u00e8ques du service public<\/h3>\n\t\t\t\n                            <p>De nombreuses personnes \u00e2g\u00e9es aimeraient regarder l'un ou l'autre programme qu'elles ont manqu\u00e9 \u00e0 la t\u00e9l\u00e9vision, mais elles n'ont pas acc\u00e8s aux m\u00e9diath\u00e8ques.  <br \/>\r\nGrannycall permet d'appeler un programme de la m\u00e9diath\u00e8que par l'application de Grannycall, qui est ensuite diffus\u00e9 sur le t\u00e9l\u00e9viseur de l'interlocuteur apr\u00e8s la fin de l'appel. Ainsi, vous pouvez allumer les programmes pr\u00e9f\u00e9r\u00e9s de vos proches \u00e0 distance.<br \/>\r\n<\/p>\t\n                            \n                            <a class=\"product-btn btn btn-m btn-outlined\" href=\"https:\/\/grannycall.de\/fr\/reserver\">R\u00e9servez votre Grannycall<\/a>\n\t\t\t\n\t\t\t<\/div>\n\t\t<\/div>\n\t<\/div>\t\t<\/div>\n\t\t\t\t<\/div>\n\t\t\t\t<div class=\"elementor-element elementor-element-cc1207a elementor-widget elementor-widget-image\" data-id=\"cc1207a\" data-element_type=\"widget\" data-widget_type=\"image.default\">\n\t\t\t\t<div class=\"elementor-widget-container\">\n\t\t\t\t\t\t\t\t\t\t\t\t\t<img fetchpriority=\"high\" decoding=\"async\" width=\"269\" height=\"300\" src=\"https:\/\/grannycall.de\/wp-content\/uploads\/2020\/11\/Logo-Big-269x300.png\" class=\"attachment-medium size-medium wp-image-498\" alt=\"Logo Grannycall\" srcset=\"https:\/\/grannycall.de\/wp-content\/uploads\/2020\/11\/Logo-Big-269x300.png 269w, https:\/\/grannycall.de\/wp-content\/uploads\/2020\/11\/Logo-Big.png 434w\" sizes=\"(max-width: 269px) 100vw, 269px\" \/>\t\t\t\t\t\t\t\t\t\t\t\t\t<\/div>\n\t\t\t\t<\/div>\n\t\t\t\t\t<\/div>\n\t\t<\/div>\n\t\t\t\t\t<\/div>\n\t\t<\/section>\n\t\t\t\t<\/div>\n\t\t","protected":false},"excerpt":{"rendered":"<p>VUE D&rsquo;ENSEMBLE La Grannycall peut le faire: MONTRER DES PHOTOS Montrer des photos&#8230; plus facilement que jamais ! Si vous utilisez l&rsquo;application de Grannycall sur votre smartphone ou votre tablette, vous pouvez \u00e9galement montrer les photos de votre appareil pendant l&rsquo;appel t\u00e9l\u00e9phonique. Celles-ci apparaissent ensuite de l&rsquo;autre c\u00f4t\u00e9 en plein format sur la t\u00e9l\u00e9., Vous&hellip;<\/p>\n","protected":false},"author":2,"featured_media":0,"parent":0,"menu_order":0,"comment_status":"closed","ping_status":"closed","template":"page-templates\/fullscreen-page.php","meta":{"footnotes":""},"class_list":["post-660","page","type-page","status-publish","hentry","comments-closed","no-comments"],"aioseo_notices":[],"_links":{"self":[{"href":"https:\/\/grannycall.de\/fr\/wp-json\/wp\/v2\/pages\/660"}],"collection":[{"href":"https:\/\/grannycall.de\/fr\/wp-json\/wp\/v2\/pages"}],"about":[{"href":"https:\/\/grannycall.de\/fr\/wp-json\/wp\/v2\/types\/page"}],"author":[{"embeddable":true,"href":"https:\/\/grannycall.de\/fr\/wp-json\/wp\/v2\/users\/2"}],"replies":[{"embeddable":true,"href":"https:\/\/grannycall.de\/fr\/wp-json\/wp\/v2\/comments?post=660"}],"version-history":[{"count":5,"href":"https:\/\/grannycall.de\/fr\/wp-json\/wp\/v2\/pages\/660\/revisions"}],"predecessor-version":[{"id":1030,"href":"https:\/\/grannycall.de\/fr\/wp-json\/wp\/v2\/pages\/660\/revisions\/1030"}],"wp:attachment":[{"href":"https:\/\/grannycall.de\/fr\/wp-json\/wp\/v2\/media?parent=660"}],"curies":[{"name":"wp","href":"https:\/\/api.w.org\/{rel}","templated":true}]}}