{"id":656,"date":"2021-09-15T22:31:05","date_gmt":"2021-09-15T20:31:05","guid":{"rendered":"https:\/\/grannycall.de\/securite\/"},"modified":"2021-09-15T22:50:17","modified_gmt":"2021-09-15T20:50:17","slug":"securite","status":"publish","type":"page","link":"https:\/\/grannycall.de\/fr\/securite\/","title":{"rendered":"S\u00e9curit\u00e9"},"content":{"rendered":"\t\t<div data-elementor-type=\"wp-page\" data-elementor-id=\"656\" class=\"elementor elementor-656 elementor-525\">\n\t\t\t\t\t\t<section class=\"elementor-section elementor-top-section elementor-element elementor-element-31803a9 elementor-section-boxed elementor-section-height-default elementor-section-height-default\" data-id=\"31803a9\" data-element_type=\"section\">\n\t\t\t\t\t\t<div class=\"elementor-container elementor-column-gap-default\">\n\t\t\t\t\t<div class=\"elementor-column elementor-col-100 elementor-top-column elementor-element elementor-element-a663557\" data-id=\"a663557\" data-element_type=\"column\">\n\t\t\t<div class=\"elementor-widget-wrap\">\n\t\t\t\t\t\t\t<\/div>\n\t\t<\/div>\n\t\t\t\t\t<\/div>\n\t\t<\/section>\n\t\t\t\t<section class=\"elementor-section elementor-top-section elementor-element elementor-element-5dc6401 elementor-section-boxed elementor-section-height-default elementor-section-height-default\" data-id=\"5dc6401\" data-element_type=\"section\">\n\t\t\t\t\t\t<div class=\"elementor-container elementor-column-gap-default\">\n\t\t\t\t\t<div class=\"elementor-column elementor-col-100 elementor-top-column elementor-element elementor-element-10b2e2b\" data-id=\"10b2e2b\" data-element_type=\"column\">\n\t\t\t<div class=\"elementor-widget-wrap elementor-element-populated\">\n\t\t\t\t\t\t<div class=\"elementor-element elementor-element-3ee0eea tencol-width elementor-widget elementor-widget-wp-widget-pukeko-pagetitle-widget\" data-id=\"3ee0eea\" data-element_type=\"widget\" data-widget_type=\"pukeko-seitentitel.default\">\n\t\t\t\t<div class=\"elementor-widget-container\">\n\t\t\t\t <div class=\"pukeko-pagetitle-wrap center\">\n\t\t\t\t <span class=\"pagetitle-subtitle\">Protection de la vie priv\u00e9e<\/span>\n\t\t \t\t\t <h1 class=\"section-title\">\u00c9conomie et s\u00e9curit\u00e9 des donn\u00e9es<\/h1>\n                                         <p>Chez Grannycall, nous accordons une grande importance \u00e0 l\u2019\u00e9conomie et \u00e0 la s\u00e9curit\u00e9 des donn\u00e9es.<\/p>\n\t <\/div>\t\t<\/div>\n\t\t\t\t<\/div>\n\t\t\t\t<div class=\"elementor-element elementor-element-831a4cb tencol-width elementor-widget elementor-widget-text-editor\" data-id=\"831a4cb\" data-element_type=\"widget\" data-widget_type=\"text-editor.default\">\n\t\t\t\t<div class=\"elementor-widget-container\">\n\t\t\t\t\t\t\t<h3>\u00c9conomie des donn\u00e9es<\/h3>\n<p>Par principe, nous ne collectons que les donn\u00e9es dont nous avons absolument besoin pour pouvoir offrir notre service.<\/p>\n<p><em>Exemple : comme Grannycall ne facture pas les appels t\u00e9l\u00e9phoniques \u00e0 la minute, nous n&rsquo;avons pas besoin de savoir combien de temps vous parlez \u00e0 qui et pendant combien de temps. Par cons\u00e9quent, nous ne collectons m\u00eame pas ces donn\u00e9es.<\/em><\/p>\n<p>Par principe, nous ne cr\u00e9ons pas de profils de nos clients et nous ne vendons jamais de donn\u00e9es personnelles \u00e0 des tiers. Les donn\u00e9es que nous devons conserver (par exemple, votre adresse \u00e0 des fins de facturation) sont uniquement stock\u00e9es sur des serveurs en Allemagne.<\/p>\n<h3>S\u00e9curit\u00e9<\/h3>\n<p>Grannycall utilise syst\u00e9matiquement les derni\u00e8res normes de s\u00e9curit\u00e9. Tous les \u00e9changes de donn\u00e9es entre l\u2019appareil ou l&rsquo;application de Grannycall et nos serveurs sont crypt\u00e9s via TLS 1.3, ce qui signifie que les tiers n&rsquo;ont aucune possibilit\u00e9 de manipuler ou de lire les donn\u00e9es transmises.<\/p>\n<p>Dans la mesure du possible, nous utilisons un cryptage de bout en bout via DTLS, ce qui signifie que m\u00eame nous, en tant que fabricant, ne serions techniquement pas capable d&rsquo;enregistrer les donn\u00e9es. Cela vaut tant pour les appels vid\u00e9ot\u00e9l\u00e9phoniques eux-m\u00eames que pour la transmission de photos. M\u00eame si vous s\u00e9lectionnez un film dans la m\u00e9diath\u00e8que via l&rsquo;application de Grannycall, votre s\u00e9lection est transmise de mani\u00e8re crypt\u00e9e de bout en bout vers l\u2019appareil Grannycall.<\/p>\n<p>Pour garantir que l\u2019appareil Grannycall elle-m\u00eame reste toujours s\u00e9curis\u00e9e, nous fournissons toujours des mises \u00e0 jour logicielles avec une signature num\u00e9rique. De cette fa\u00e7on, l&rsquo;appareil reconna\u00eetrait imm\u00e9diatement les logiciels manipul\u00e9s et refuserait de les installer.<\/p>\n<p>&nbsp;<\/p>\n\t\t\t\t\t\t<\/div>\n\t\t\t\t<\/div>\n\t\t\t\t\t<\/div>\n\t\t<\/div>\n\t\t\t\t\t<\/div>\n\t\t<\/section>\n\t\t\t\t<\/div>\n\t\t","protected":false},"excerpt":{"rendered":"<p>Protection de la vie priv\u00e9e \u00c9conomie et s\u00e9curit\u00e9 des donn\u00e9es Chez Grannycall, nous accordons une grande importance \u00e0 l\u2019\u00e9conomie et \u00e0 la s\u00e9curit\u00e9 des donn\u00e9es. \u00c9conomie des donn\u00e9es Par principe, nous ne collectons que les donn\u00e9es dont nous avons absolument besoin pour pouvoir offrir notre service. Exemple : comme Grannycall ne facture pas les appels&hellip;<\/p>\n","protected":false},"author":1,"featured_media":0,"parent":0,"menu_order":0,"comment_status":"closed","ping_status":"closed","template":"page-templates\/fullscreen-page.php","meta":{"footnotes":""},"class_list":["post-656","page","type-page","status-publish","hentry","comments-closed","no-comments"],"aioseo_notices":[],"_links":{"self":[{"href":"https:\/\/grannycall.de\/fr\/wp-json\/wp\/v2\/pages\/656"}],"collection":[{"href":"https:\/\/grannycall.de\/fr\/wp-json\/wp\/v2\/pages"}],"about":[{"href":"https:\/\/grannycall.de\/fr\/wp-json\/wp\/v2\/types\/page"}],"author":[{"embeddable":true,"href":"https:\/\/grannycall.de\/fr\/wp-json\/wp\/v2\/users\/1"}],"replies":[{"embeddable":true,"href":"https:\/\/grannycall.de\/fr\/wp-json\/wp\/v2\/comments?post=656"}],"version-history":[{"count":5,"href":"https:\/\/grannycall.de\/fr\/wp-json\/wp\/v2\/pages\/656\/revisions"}],"predecessor-version":[{"id":674,"href":"https:\/\/grannycall.de\/fr\/wp-json\/wp\/v2\/pages\/656\/revisions\/674"}],"wp:attachment":[{"href":"https:\/\/grannycall.de\/fr\/wp-json\/wp\/v2\/media?parent=656"}],"curies":[{"name":"wp","href":"https:\/\/api.w.org\/{rel}","templated":true}]}}